{"id":859,"date":"2023-09-07T11:54:16","date_gmt":"2023-09-07T09:54:16","guid":{"rendered":"https:\/\/fightbullying.info\/?page_id=859"},"modified":"2023-12-28T14:44:58","modified_gmt":"2023-12-28T13:44:58","slug":"aviso-legal","status":"publish","type":"page","link":"https:\/\/fightbullying.info\/en\/aviso-legal\/","title":{"rendered":"Legal Notice"},"content":{"rendered":"<div data-elementor-type=\"wp-page\" data-elementor-id=\"859\" class=\"elementor elementor-859\">\n\t\t\t\t\t\t<section class=\"elementor-section elementor-top-section elementor-element elementor-element-8b86e04 elementor-section-height-min-height elementor-section-boxed elementor-section-height-default elementor-section-items-middle\" data-id=\"8b86e04\" data-element_type=\"section\" data-e-type=\"section\" data-settings=\"{&quot;background_background&quot;:&quot;classic&quot;}\">\n\t\t\t\t\t\t<div class=\"elementor-container elementor-column-gap-default\">\n\t\t\t\t\t<div class=\"elementor-column elementor-col-100 elementor-top-column elementor-element elementor-element-76c32ea\" data-id=\"76c32ea\" data-element_type=\"column\" data-e-type=\"column\">\n\t\t\t<div class=\"elementor-widget-wrap elementor-element-populated\">\n\t\t\t\t\t\t<div class=\"elementor-element elementor-element-73ffa6f elementor-widget elementor-widget-heading\" data-id=\"73ffa6f\" data-element_type=\"widget\" data-e-type=\"widget\" data-widget_type=\"heading.default\">\n\t\t\t\t<div class=\"elementor-widget-container\">\n\t\t\t\t\t<h2 class=\"elementor-heading-title elementor-size-default\">Legal Notice<\/h2>\t\t\t\t<\/div>\n\t\t\t\t<\/div>\n\t\t\t\t\t<\/div>\n\t\t<\/div>\n\t\t\t\t\t<\/div>\n\t\t<\/section>\n\t\t\t\t<section class=\"elementor-section elementor-top-section elementor-element elementor-element-59114be elementor-section-boxed elementor-section-height-default elementor-section-height-default\" data-id=\"59114be\" data-element_type=\"section\" data-e-type=\"section\">\n\t\t\t\t\t\t<div class=\"elementor-container elementor-column-gap-default\">\n\t\t\t\t\t<div class=\"elementor-column elementor-col-100 elementor-top-column elementor-element elementor-element-b2672ba\" data-id=\"b2672ba\" data-element_type=\"column\" data-e-type=\"column\">\n\t\t\t<div class=\"elementor-widget-wrap elementor-element-populated\">\n\t\t\t\t\t\t<div class=\"elementor-element elementor-element-6fc9451 elementor-widget elementor-widget-text-editor\" data-id=\"6fc9451\" data-element_type=\"widget\" data-e-type=\"widget\" data-widget_type=\"text-editor.default\">\n\t\t\t\t<div class=\"elementor-widget-container\">\n\t\t\t\t\t\t\t\t\t<header class=\"entry-header ast-no-thumbnail\"><h1 class=\"entry-title\">Legal Notice<\/h1><\/header><div class=\"entry-content clear\"><p><strong>I. Informaci\u00f3n Legal<\/strong><\/p><p>i4life innovaci\u00f3n y desarrollos S.L.<br \/>Parque Cient\u00edfico Tecnol\u00f3gico de Gij\u00f3n<br \/>Calle del Profesor Potter 183 \u2013 Edificio Vor\u00e1gine<br \/>Gij\u00f3n 33203 \u2013\u00a0 Asturias<br \/>Correo electr\u00f3nico de contacto: info@i4life.es<br \/>N\u00famero de tel\u00e9fono de contacto: +34 644 756 611<br \/>N\u00famero de identificaci\u00f3n fiscal: B52562428<\/p><p><strong>II. Propiedad Intelectual y Derechos de Autor<\/strong><\/p><p>El contenido de esta p\u00e1gina web, incluyendo, pero sin limitarse a, textos, im\u00e1genes, logotipos, gr\u00e1ficos y otros elementos multimedia, est\u00e1 protegido por leyes de propiedad intelectual y derechos de autor. Todos los derechos sobre estos contenidos est\u00e1n reservados. Queda prohibida la reproducci\u00f3n, distribuci\u00f3n, exhibici\u00f3n, o cualquier otro uso no autorizado de los materiales presentes en este sitio web.<\/p><p><strong>III. Pol\u00edtica de Privacidad<\/strong><\/p><p>Nuestra pol\u00edtica de privacidad se encuentra disponible en https:\/\/fightbullying.info\/politica-de-privacidad\/ . Te recomendamos leer detenidamente esta pol\u00edtica para comprender c\u00f3mo recopilamos, utilizamos y protegemos tus datos personales.<\/p><p><strong>IV. Cookies<\/strong><\/p><p>Esta p\u00e1gina web utiliza cookies para mejorar la experiencia del usuario. Puedes obtener m\u00e1s informaci\u00f3n sobre c\u00f3mo utilizamos las cookies y c\u00f3mo puedes gestionarlas en nuestra Pol\u00edtica de Cookies, disponible en https:\/\/fightbullying.info\/politica-de-cookies-ue\/ .<\/p><p><strong>V. Responsabilidad<\/strong><\/p><p>La informaci\u00f3n proporcionada en este sitio web se ofrece de buena fe y con el prop\u00f3sito de brindar informaci\u00f3n general. No nos hacemos responsables por la exactitud, integridad o actualidad de la informaci\u00f3n contenida en estas p\u00e1ginas. Toda la informaci\u00f3n est\u00e1 sujeta a cambios sin previo aviso.<\/p><p><strong>VI. Enlaces a Terceros<\/strong><\/p><p>Esta p\u00e1gina web puede incluir enlaces a sitios web de terceros. No tenemos control sobre el contenido de estos sitios y no nos hacemos responsables de su contenido ni de cualquier da\u00f1o o p\u00e9rdida que puedas sufrir al utilizarlos.<\/p><p><strong>VII. Jurisdicci\u00f3n y Ley Aplicable<\/strong><\/p><p>Este aviso legal se rige por las leyes de la Uni\u00f3n Europea. Cualquier disputa que surja en relaci\u00f3n con este sitio web estar\u00e1 sujeta a la jurisdicci\u00f3n exclusiva de los tribunales competentes dentro de la Uni\u00f3n Europea.<\/p><p><strong>VIII. Contacto<\/strong><\/p><p>Si tienes alguna pregunta o inquietud con respecto a este aviso legal, puedes contactarnos a trav\u00e9s de la direcci\u00f3n de correo electr\u00f3nico info@i4life.es o el n\u00famero de tel\u00e9fono +34 644 756 611 proporcionados anteriormente.<\/p><p>Fecha de la \u00faltima actualizaci\u00f3n: 21 de Noviembre del 2023<\/p><\/div>\t\t\t\t\t\t\t\t<\/div>\n\t\t\t\t<\/div>\n\t\t\t\t\t<\/div>\n\t\t<\/div>\n\t\t\t\t\t<\/div>\n\t\t<\/section>\n\t\t\t\t<\/div>","protected":false},"excerpt":{"rendered":"<p>Aviso Legal Aviso Legal I. Informaci\u00f3n Legal i4life innovaci\u00f3n y desarrollos S.L.Parque Cient\u00edfico Tecnol\u00f3gico de Gij\u00f3nCalle del Profesor Potter 183 \u2013 Edificio Vor\u00e1gineGij\u00f3n 33203 \u2013\u00a0 AsturiasCorreo electr\u00f3nico de contacto: info@i4life.esN\u00famero de tel\u00e9fono de contacto: +34 644 756 611N\u00famero de identificaci\u00f3n fiscal: B52562428 II. Propiedad Intelectual y Derechos de Autor El contenido de esta p\u00e1gina web, [&hellip;]<\/p>\n","protected":false},"author":1,"featured_media":0,"parent":0,"menu_order":0,"comment_status":"closed","ping_status":"closed","template":"","meta":{"site-sidebar-layout":"no-sidebar","site-content-layout":"","ast-site-content-layout":"full-width-container","site-content-style":"default","site-sidebar-style":"default","ast-global-header-display":"","ast-banner-title-visibility":"","ast-main-header-display":"","ast-hfb-above-header-display":"","ast-hfb-below-header-display":"","ast-hfb-mobile-header-display":"","site-post-title":"disabled","ast-breadcrumbs-content":"","ast-featured-img":"disabled","footer-sml-layout":"","ast-disable-related-posts":"","theme-transparent-header-meta":"","adv-header-id-meta":"","stick-header-meta":"","header-above-stick-meta":"","header-main-stick-meta":"","header-below-stick-meta":"","astra-migrate-meta-layouts":"default","ast-page-background-enabled":"default","ast-page-background-meta":{"desktop":{"background-color":"var(--ast-global-color-4)","background-image":"","background-repeat":"repeat","background-position":"center center","background-size":"auto","background-attachment":"scroll","background-type":"","background-media":"","overlay-type":"","overlay-color":"","overlay-opacity":"","overlay-gradient":""},"tablet":{"background-color":"","background-image":"","background-repeat":"repeat","background-position":"center center","background-size":"auto","background-attachment":"scroll","background-type":"","background-media":"","overlay-type":"","overlay-color":"","overlay-opacity":"","overlay-gradient":""},"mobile":{"background-color":"","background-image":"","background-repeat":"repeat","background-position":"center center","background-size":"auto","background-attachment":"scroll","background-type":"","background-media":"","overlay-type":"","overlay-color":"","overlay-opacity":"","overlay-gradient":""}},"ast-content-background-meta":{"desktop":{"background-color":"var(--ast-global-color-5)","background-image":"","background-repeat":"repeat","background-position":"center center","background-size":"auto","background-attachment":"scroll","background-type":"","background-media":"","overlay-type":"","overlay-color":"","overlay-opacity":"","overlay-gradient":""},"tablet":{"background-color":"var(--ast-global-color-5)","background-image":"","background-repeat":"repeat","background-position":"center center","background-size":"auto","background-attachment":"scroll","background-type":"","background-media":"","overlay-type":"","overlay-color":"","overlay-opacity":"","overlay-gradient":""},"mobile":{"background-color":"var(--ast-global-color-5)","background-image":"","background-repeat":"repeat","background-position":"center center","background-size":"auto","background-attachment":"scroll","background-type":"","background-media":"","overlay-type":"","overlay-color":"","overlay-opacity":"","overlay-gradient":""}},"footnotes":""},"class_list":["post-859","page","type-page","status-publish","hentry"],"_links":{"self":[{"href":"https:\/\/fightbullying.info\/en\/wp-json\/wp\/v2\/pages\/859","targetHints":{"allow":["GET"]}}],"collection":[{"href":"https:\/\/fightbullying.info\/en\/wp-json\/wp\/v2\/pages"}],"about":[{"href":"https:\/\/fightbullying.info\/en\/wp-json\/wp\/v2\/types\/page"}],"author":[{"embeddable":true,"href":"https:\/\/fightbullying.info\/en\/wp-json\/wp\/v2\/users\/1"}],"replies":[{"embeddable":true,"href":"https:\/\/fightbullying.info\/en\/wp-json\/wp\/v2\/comments?post=859"}],"version-history":[{"count":22,"href":"https:\/\/fightbullying.info\/en\/wp-json\/wp\/v2\/pages\/859\/revisions"}],"predecessor-version":[{"id":1972,"href":"https:\/\/fightbullying.info\/en\/wp-json\/wp\/v2\/pages\/859\/revisions\/1972"}],"wp:attachment":[{"href":"https:\/\/fightbullying.info\/en\/wp-json\/wp\/v2\/media?parent=859"}],"curies":[{"name":"wp","href":"https:\/\/api.w.org\/{rel}","templated":true}]}}