{"id":2079,"date":"2025-05-19T13:01:11","date_gmt":"2025-05-19T11:01:11","guid":{"rendered":"https:\/\/fightbullying.info\/?page_id=2079"},"modified":"2025-05-19T13:07:09","modified_gmt":"2025-05-19T11:07:09","slug":"politica-de-cookies","status":"publish","type":"page","link":"https:\/\/fightbullying.info\/en\/politica-de-cookies\/","title":{"rendered":"Pol\u00edtica de cookies"},"content":{"rendered":"<div data-elementor-type=\"wp-page\" data-elementor-id=\"2079\" class=\"elementor elementor-2079\">\n\t\t\t\t\t\t<section class=\"elementor-section elementor-top-section elementor-element elementor-element-8b86e04 elementor-section-height-min-height elementor-section-boxed elementor-section-height-default elementor-section-items-middle\" data-id=\"8b86e04\" data-element_type=\"section\" data-e-type=\"section\" data-settings=\"{&quot;background_background&quot;:&quot;classic&quot;}\">\n\t\t\t\t\t\t<div class=\"elementor-container elementor-column-gap-default\">\n\t\t\t\t\t<div class=\"elementor-column elementor-col-100 elementor-top-column elementor-element elementor-element-76c32ea\" data-id=\"76c32ea\" data-element_type=\"column\" data-e-type=\"column\">\n\t\t\t<div class=\"elementor-widget-wrap elementor-element-populated\">\n\t\t\t\t\t\t<div class=\"elementor-element elementor-element-73ffa6f elementor-widget elementor-widget-heading\" data-id=\"73ffa6f\" data-element_type=\"widget\" data-e-type=\"widget\" data-widget_type=\"heading.default\">\n\t\t\t\t<div class=\"elementor-widget-container\">\n\t\t\t\t\t<h2 class=\"elementor-heading-title elementor-size-default\">Pol\u00edtica de cookies<\/h2>\t\t\t\t<\/div>\n\t\t\t\t<\/div>\n\t\t\t\t\t<\/div>\n\t\t<\/div>\n\t\t\t\t\t<\/div>\n\t\t<\/section>\n\t\t\t\t<section class=\"elementor-section elementor-top-section elementor-element elementor-element-83b2364 elementor-section-boxed elementor-section-height-default elementor-section-height-default\" data-id=\"83b2364\" data-element_type=\"section\" data-e-type=\"section\">\n\t\t\t\t\t\t<div class=\"elementor-container elementor-column-gap-default\">\n\t\t\t\t\t<div class=\"elementor-column elementor-col-100 elementor-top-column elementor-element elementor-element-f849e68\" data-id=\"f849e68\" data-element_type=\"column\" data-e-type=\"column\">\n\t\t\t<div class=\"elementor-widget-wrap elementor-element-populated\">\n\t\t\t\t\t\t<div class=\"elementor-element elementor-element-3ee8519 elementor-widget elementor-widget-text-editor\" data-id=\"3ee8519\" data-element_type=\"widget\" data-e-type=\"widget\" data-widget_type=\"text-editor.default\">\n\t\t\t\t<div class=\"elementor-widget-container\">\n\t\t\t\t\t\t\t\t\t<p>En cumplimiento de la Ley 34\/2002, de 11 de julio, de Servicios de la Sociedad de la Informaci\u00f3n y Comercio Electr\u00f3nico le informamos de que este sitio web, al igual que la mayor\u00eda de los sitios en Internet, usa Cookies para mejorar y optimizar la experiencia del usuario. A continuaci\u00f3n encontrar\u00e1 informaci\u00f3n detallada sobre qu\u00e9 son las \u201cCookies\u201d, qu\u00e9 tipolog\u00eda utiliza este sitio web, c\u00f3mo cambiar la configuraci\u00f3n de sus cookies, y qu\u00e9 ocurre si deshabilita las Cookies.<\/p>\n<p><strong>&nbsp;<\/strong><strong style=\"font-style: inherit;\">\u00bfQu\u00e9 son las cookies?<\/strong><\/p>\n<p>Una cookie es un peque\u00f1o archivo que se descarga en el equipo del usuario con la finalidad de almacenar datos, los cuales podr\u00e1n ser actualizados y recuperados por la entidad responsable de su instalaci\u00f3n.<\/p>\n<p><strong>&nbsp;<\/strong><strong style=\"font-style: inherit;\">\u00bfQu\u00e9 tipo de cookies utiliza esta p\u00e1gina web?<\/strong><\/p>\n<p>A continuaci\u00f3n, podr\u00e1s encontrar una clasificaci\u00f3n de las cookies utilizadas en el sitio web de fightbullying.info en adelante \u201cLA ENTIDAD\u201d y sus dominios, teniendo en cuenta que una misma cookie pueda estar incluida en m\u00e1s de una categor\u00eda.<\/p>\n<p><strong>Seg\u00fan quien sea la entidad que gestione el sitio web desde donde se env\u00edan las cookies y trate los datos que se obtengan, podemos distinguir:<\/strong><\/p>\n<ul>\n<li><strong>Cookies propias:&nbsp;<\/strong>Son aquellas que se env\u00edan al equipo terminal del usuario desde el sitio web al que est\u00e1 accediendo y desde el que se presta el servicio solicitado por el usuario.<\/li>\n<li><strong>Cookies de terceros:&nbsp;<\/strong>Son aquellas que se env\u00edan al equipo terminal del usuario desde un dominio diferente al que est\u00e1 accediendo y que es gestionado por otra entidad colaboradora.<\/li>\n<\/ul>\n<p><strong>Seg\u00fan la finalidad para la que se traten los datos obtenidos a trav\u00e9s de las cookies, podemos distinguir entre:<\/strong><\/p>\n<ul>\n<li><strong>Cookies t\u00e9cnicas:&nbsp;<\/strong>Las cookies t\u00e9cnicas activan funciones b\u00e1sicas como la navegaci\u00f3n en la p\u00e1gina web y la utilizaci\u00f3n de las diferentes opciones o servicios que en ella existan como, por ejemplo, acceder al \u00e1rea privada, realizar el proceso de compra de un pedido, realizar la solicitud de participaci\u00f3n en un evento, utilizar elementos de seguridad durante la navegaci\u00f3n o compartir contenidos a trav\u00e9s de redes sociales. La p\u00e1gina web no puede funcionar adecuadamente sin estas cookies.<\/li>\n<li><strong>Cookies de personalizaci\u00f3n:&nbsp;<\/strong>Las cookies de preferencias permiten a la p\u00e1gina web recordar informaci\u00f3n que cambia la forma en que la p\u00e1gina se comporta o el aspecto que tiene, como su idioma preferido o la regi\u00f3n en la que usted se encuentra.<\/li>\n<li><strong>Cookies anal\u00edticas:&nbsp;<\/strong>Las cookies anal\u00edticas, bien tratadas por nosotros o por terceros, nos facilitan informaci\u00f3n estad\u00edstica sobre el uso que se realiza del portal web, como por ejemplo p\u00e1ginas visitadas o problemas t\u00e9cnicos en los accesos a ciertas p\u00e1ginas del portal. Esta informaci\u00f3n ser\u00e1 utilizada \u00fanicamente para mejoras en la experiencia de usuario, dise\u00f1o de p\u00e1ginas, navegaci\u00f3n del portal, velocidad de b\u00fasquedas, etc.<\/li>\n<li><strong>Cookies de publicidad comportamental:&nbsp;<\/strong>Las cookies de publicidad se utilizan para rastrear a los visitantes en las p\u00e1ginas web, desarrollando un perfil espec\u00edfico para mostrar publicidad en funci\u00f3n del mismo. Permiten as\u00ed la gesti\u00f3n, de la forma m\u00e1s eficaz posible, de los espacios publicitarios, mostrando anuncios relevantes y atractivos para el usuario individual.<\/li>\n<\/ul>\n<p><strong>Seg\u00fan el plazo de tiempo que permanecen activadas en el equipo terminal del usuario podemos distinguir:<\/strong><\/p>\n<ul>\n<li><strong>Cookies de sesi\u00f3n:&nbsp;<\/strong>Son un tipo de cookies dise\u00f1adas para recabar y almacenar datos mientras el usuario accede a una p\u00e1gina web.<\/li>\n<li><strong>Cookies persistentes:&nbsp;<\/strong>Son un tipo de cookies en el que los datos siguen almacenados en el terminal y pueden ser accedidos y tratados durante un periodo definido por el responsable de la cookie, y que puede ir de unos minutos a varios a\u00f1os.<\/li>\n<\/ul>\n<p><strong>&nbsp;<\/strong><\/p>\n<p><strong>\u00bfQu\u00e9 Cookies utiliza este sitio Web?<\/strong><\/p>\t\t\t\t\t\t\t\t<\/div>\n\t\t\t\t<\/div>\n\t\t\t\t\t<\/div>\n\t\t<\/div>\n\t\t\t\t\t<\/div>\n\t\t<\/section>\n\t\t\t\t<section class=\"elementor-section elementor-top-section elementor-element elementor-element-7970e34 elementor-section-boxed elementor-section-height-default elementor-section-height-default\" data-id=\"7970e34\" data-element_type=\"section\" data-e-type=\"section\">\n\t\t\t\t\t\t<div class=\"elementor-container elementor-column-gap-default\">\n\t\t\t\t\t<div class=\"elementor-column elementor-col-100 elementor-top-column elementor-element elementor-element-0ee943a\" data-id=\"0ee943a\" data-element_type=\"column\" data-e-type=\"column\">\n\t\t\t<div class=\"elementor-widget-wrap elementor-element-populated\">\n\t\t\t\t\t\t<div class=\"elementor-element elementor-element-d949be0 elementor-widget elementor-widget-html\" data-id=\"d949be0\" data-element_type=\"widget\" data-e-type=\"widget\" data-widget_type=\"html.default\">\n\t\t\t\t<div class=\"elementor-widget-container\">\n\t\t\t\t\t<table>\r\n  <thead>\r\n    <tr>\r\n      <th>Nombre de la cookie<\/th>\r\n      <th>Tipo<\/th>\r\n      <th>Temporalidad<\/th>\r\n      <th>Finalidad<\/th>\r\n    <\/tr>\r\n  <\/thead>\r\n  <tbody>\r\n    <tr>\r\n      <td>elementor<\/td>\r\n      <td>Estad\u00edsticas (an\u00f3nimas)<\/td>\r\n      <td>persistente<\/td>\r\n      <td>Guardar acciones hechas por usuarios en el sitio web<\/td>\r\n    <\/tr>\r\n    <tr>\r\n      <td>wpEmojiSettingsSupports<\/td>\r\n      <td>Funcional<\/td>\r\n      <td>sesi\u00f3n<\/td>\r\n      <td>Guardar detalles del navegador<\/td>\r\n    <\/tr>\r\n    <tr>\r\n      <td>cmplz_banner-status<\/td>\r\n      <td>Funcional<\/td>\r\n      <td>365 d\u00edas<\/td>\r\n      <td>Store if the cookie banner has been dismissed<\/td>\r\n    <\/tr>\r\n    <tr>\r\n      <td>e_kit-elements-defaults<\/td>\r\n      <td>Prop\u00f3sito pendiente de investigaci\u00f3n<\/td>\r\n      <td><\/td>\r\n      <td><\/td>\r\n    <\/tr>\r\n    <tr>\r\n      <td>astPartialContentRendered<\/td>\r\n      <td>Prop\u00f3sito pendiente de investigaci\u00f3n<\/td>\r\n      <td><\/td>\r\n      <td><\/td>\r\n    <\/tr>\r\n    <tr>\r\n      <td>wordpress_test_cookie<\/td>\r\n      <td>Prop\u00f3sito pendiente de investigaci\u00f3n<\/td>\r\n      <td><\/td>\r\n      <td><\/td>\r\n    <\/tr>\r\n    <tr>\r\n      <td>PHPSESSID<\/td>\r\n      <td>Prop\u00f3sito pendiente de investigaci\u00f3n<\/td>\r\n      <td><\/td>\r\n      <td><\/td>\r\n    <\/tr>\r\n    <tr>\r\n      <td>wp_lang<\/td>\r\n      <td>Prop\u00f3sito pendiente de investigaci\u00f3n<\/td>\r\n      <td><\/td>\r\n      <td><\/td>\r\n    <\/tr>\r\n    <tr>\r\n      <td>wfwaf-authcookie-743a8088e420a1ffb9ec5427f1afc12c<\/td>\r\n      <td>Prop\u00f3sito pendiente de investigaci\u00f3n<\/td>\r\n      <td><\/td>\r\n      <td><\/td>\r\n    <\/tr>\r\n    <tr>\r\n      <td>cmplz_consenttype<\/td>\r\n      <td>Prop\u00f3sito pendiente de investigaci\u00f3n<\/td>\r\n      <td>365 d\u00edas<\/td>\r\n      <td><\/td>\r\n    <\/tr>\r\n  <\/tbody>\r\n<\/table>\t\t\t\t<\/div>\n\t\t\t\t<\/div>\n\t\t\t\t\t<\/div>\n\t\t<\/div>\n\t\t\t\t\t<\/div>\n\t\t<\/section>\n\t\t\t\t<section class=\"elementor-section elementor-top-section elementor-element elementor-element-77529a8 elementor-section-boxed elementor-section-height-default elementor-section-height-default\" data-id=\"77529a8\" data-element_type=\"section\" data-e-type=\"section\">\n\t\t\t\t\t\t<div class=\"elementor-container elementor-column-gap-default\">\n\t\t\t\t\t<div class=\"elementor-column elementor-col-100 elementor-top-column elementor-element elementor-element-11661f4\" data-id=\"11661f4\" data-element_type=\"column\" data-e-type=\"column\">\n\t\t\t<div class=\"elementor-widget-wrap elementor-element-populated\">\n\t\t\t\t\t\t<div class=\"elementor-element elementor-element-5025641 elementor-widget elementor-widget-text-editor\" data-id=\"5025641\" data-element_type=\"widget\" data-e-type=\"widget\" data-widget_type=\"text-editor.default\">\n\t\t\t\t<div class=\"elementor-widget-container\">\n\t\t\t\t\t\t\t\t\t<p><strong>\u00bfC\u00f3mo puede configurar sus cookies?<\/strong><\/p>\n<p>Al navegar y continuar en nuestro sitio web estar\u00e1 consintiendo el uso de las Cookies en las condiciones contenidas en la presente Pol\u00edtica de Cookies. Usted como usuario tiene la posibilidad de ejercer su derecho a bloquear, eliminar y rechazar el uso de Cookies, en todo momento, modificando las opciones de su navegador<\/p>\n<p>Por ejemplo:<\/p>\n<ol>\n<li><strong>Internet Explorer:\u00a0<\/strong>Herramientas &gt; Opciones de Internet &gt; Privacidad &gt; Configuraci\u00f3n.<br \/>Para m\u00e1s informaci\u00f3n, puede consultar el soporte de Microsoft o la Ayuda del navegador.<\/li>\n<li><strong>Mozilla Firefox:\u00a0<\/strong>Herramientas &gt; Opciones &gt; Privacidad &gt; Historial &gt; Configuraci\u00f3n Personalizada.<br \/>Para m\u00e1s informaci\u00f3n, puede consultar el soporte de Mozilla o la Ayuda del navegador.<\/li>\n<li><strong>Google Chrome:<\/strong>\u00a0Configuraci\u00f3n &gt; Mostrar opciones avanzadas &gt; Privacidad -&gt; Configuraci\u00f3n de contenido.<br \/>Para m\u00e1s informaci\u00f3n, puede consultar el soporte de Google o la Ayuda del navegador.<\/li>\n<li><strong>Safari:<\/strong>\u00a0Preferencias &gt; Seguridad. Para m\u00e1s informaci\u00f3n, puede consultar el soporte de Apple o la Ayuda del navegador.<\/li>\n<li><strong>Opera:\u00a0<\/strong>Configuraci\u00f3n &gt; Opciones &gt; Avanzado &gt; Cookies<br \/>Para m\u00e1s informaci\u00f3n, puede consultar el soporte de Opera o la Ayuda del navegador.<\/li>\n<\/ol>\n<p>Si usa otro navegador distinto a los anteriores, consulte su pol\u00edtica de instalaci\u00f3n, uso y bloqueo de cookies.<\/p>\n<p><strong>\u00a0<\/strong><strong style=\"font-style: inherit;\">\u00bfQu\u00e9 ocurre si se deshabilitan las cookies?<\/strong><\/p>\n<p>Puedes no consentir o bloquear todas las cookies que no sean t\u00e9cnicas de los sitios web de LA ENTIDAD, pero parte de las funcionalidades del sitio web asociadas a la instalaci\u00f3n de cookies no t\u00e9cnicas podr\u00e1n verse afectadas, as\u00ed como la calidad de la propia p\u00e1gina web.<\/p>\n<p><strong>\u00a0<\/strong><strong style=\"font-style: inherit;\">\u00bfActualizamos nuestra pol\u00edtica de cookies?<\/strong><\/p>\n<p>Es posible que actualicemos la pol\u00edtica de Cookies de nuestra p\u00e1gina web, por ello, le recomendamos revisar esta pol\u00edtica cada vez que acceda a nuestro sitio web con el objetivo de estar adecuadamente informado sobre c\u00f3mo y para que usamos las Cookies.<\/p>\t\t\t\t\t\t\t\t<\/div>\n\t\t\t\t<\/div>\n\t\t\t\t\t<\/div>\n\t\t<\/div>\n\t\t\t\t\t<\/div>\n\t\t<\/section>\n\t\t\t\t<\/div>","protected":false},"excerpt":{"rendered":"<p>Pol\u00edtica de cookies En cumplimiento de la Ley 34\/2002, de 11 de julio, de Servicios de la Sociedad de la Informaci\u00f3n y Comercio Electr\u00f3nico le informamos de que este sitio web, al igual que la mayor\u00eda de los sitios en Internet, usa Cookies para mejorar y optimizar la experiencia del usuario. A continuaci\u00f3n encontrar\u00e1 informaci\u00f3n [&hellip;]<\/p>\n","protected":false},"author":1,"featured_media":0,"parent":0,"menu_order":0,"comment_status":"closed","ping_status":"closed","template":"elementor_header_footer","meta":{"site-sidebar-layout":"no-sidebar","site-content-layout":"","ast-site-content-layout":"full-width-container","site-content-style":"default","site-sidebar-style":"default","ast-global-header-display":"","ast-banner-title-visibility":"","ast-main-header-display":"","ast-hfb-above-header-display":"","ast-hfb-below-header-display":"","ast-hfb-mobile-header-display":"","site-post-title":"disabled","ast-breadcrumbs-content":"","ast-featured-img":"disabled","footer-sml-layout":"","ast-disable-related-posts":"","theme-transparent-header-meta":"","adv-header-id-meta":"","stick-header-meta":"","header-above-stick-meta":"","header-main-stick-meta":"","header-below-stick-meta":"","astra-migrate-meta-layouts":"default","ast-page-background-enabled":"default","ast-page-background-meta":{"desktop":{"background-color":"var(--ast-global-color-4)","background-image":"","background-repeat":"repeat","background-position":"center center","background-size":"auto","background-attachment":"scroll","background-type":"","background-media":"","overlay-type":"","overlay-color":"","overlay-opacity":"","overlay-gradient":""},"tablet":{"background-color":"","background-image":"","background-repeat":"repeat","background-position":"center center","background-size":"auto","background-attachment":"scroll","background-type":"","background-media":"","overlay-type":"","overlay-color":"","overlay-opacity":"","overlay-gradient":""},"mobile":{"background-color":"","background-image":"","background-repeat":"repeat","background-position":"center center","background-size":"auto","background-attachment":"scroll","background-type":"","background-media":"","overlay-type":"","overlay-color":"","overlay-opacity":"","overlay-gradient":""}},"ast-content-background-meta":{"desktop":{"background-color":"var(--ast-global-color-5)","background-image":"","background-repeat":"repeat","background-position":"center center","background-size":"auto","background-attachment":"scroll","background-type":"","background-media":"","overlay-type":"","overlay-color":"","overlay-opacity":"","overlay-gradient":""},"tablet":{"background-color":"var(--ast-global-color-5)","background-image":"","background-repeat":"repeat","background-position":"center center","background-size":"auto","background-attachment":"scroll","background-type":"","background-media":"","overlay-type":"","overlay-color":"","overlay-opacity":"","overlay-gradient":""},"mobile":{"background-color":"var(--ast-global-color-5)","background-image":"","background-repeat":"repeat","background-position":"center center","background-size":"auto","background-attachment":"scroll","background-type":"","background-media":"","overlay-type":"","overlay-color":"","overlay-opacity":"","overlay-gradient":""}},"footnotes":""},"class_list":["post-2079","page","type-page","status-publish","hentry"],"_links":{"self":[{"href":"https:\/\/fightbullying.info\/en\/wp-json\/wp\/v2\/pages\/2079","targetHints":{"allow":["GET"]}}],"collection":[{"href":"https:\/\/fightbullying.info\/en\/wp-json\/wp\/v2\/pages"}],"about":[{"href":"https:\/\/fightbullying.info\/en\/wp-json\/wp\/v2\/types\/page"}],"author":[{"embeddable":true,"href":"https:\/\/fightbullying.info\/en\/wp-json\/wp\/v2\/users\/1"}],"replies":[{"embeddable":true,"href":"https:\/\/fightbullying.info\/en\/wp-json\/wp\/v2\/comments?post=2079"}],"version-history":[{"count":4,"href":"https:\/\/fightbullying.info\/en\/wp-json\/wp\/v2\/pages\/2079\/revisions"}],"predecessor-version":[{"id":2086,"href":"https:\/\/fightbullying.info\/en\/wp-json\/wp\/v2\/pages\/2079\/revisions\/2086"}],"wp:attachment":[{"href":"https:\/\/fightbullying.info\/en\/wp-json\/wp\/v2\/media?parent=2079"}],"curies":[{"name":"wp","href":"https:\/\/api.w.org\/{rel}","templated":true}]}}