{"id":1998,"date":"2023-12-29T09:07:54","date_gmt":"2023-12-29T08:07:54","guid":{"rendered":"https:\/\/fightbullying.info\/?page_id=1998"},"modified":"2023-12-29T09:36:53","modified_gmt":"2023-12-29T08:36:53","slug":"medios","status":"publish","type":"page","link":"https:\/\/fightbullying.info\/en\/medios\/","title":{"rendered":"Media"},"content":{"rendered":"<div data-elementor-type=\"wp-page\" data-elementor-id=\"1998\" class=\"elementor elementor-1998\">\n\t\t\t\t\t\t<section class=\"elementor-section elementor-top-section elementor-element elementor-element-e4b3c29 elementor-section-height-min-height elementor-section-boxed elementor-section-height-default elementor-section-items-middle\" data-id=\"e4b3c29\" data-element_type=\"section\" data-e-type=\"section\" data-settings=\"{&quot;background_background&quot;:&quot;classic&quot;}\">\n\t\t\t\t\t\t<div class=\"elementor-container elementor-column-gap-default\">\n\t\t\t\t\t<div class=\"elementor-column elementor-col-100 elementor-top-column elementor-element elementor-element-15db749\" data-id=\"15db749\" data-element_type=\"column\" data-e-type=\"column\">\n\t\t\t<div class=\"elementor-widget-wrap elementor-element-populated\">\n\t\t\t\t\t\t<div class=\"elementor-element elementor-element-47692b6 elementor-widget elementor-widget-heading\" data-id=\"47692b6\" data-element_type=\"widget\" data-e-type=\"widget\" data-widget_type=\"heading.default\">\n\t\t\t\t<div class=\"elementor-widget-container\">\n\t\t\t\t\t<h2 class=\"elementor-heading-title elementor-size-default\">Media coverage<\/h2>\t\t\t\t<\/div>\n\t\t\t\t<\/div>\n\t\t\t\t\t<\/div>\n\t\t<\/div>\n\t\t\t\t\t<\/div>\n\t\t<\/section>\n\t\t\t\t<section class=\"elementor-section elementor-top-section elementor-element elementor-element-2ef7b61 elementor-section-boxed elementor-section-height-default elementor-section-height-default\" data-id=\"2ef7b61\" data-element_type=\"section\" data-e-type=\"section\">\n\t\t\t\t\t\t<div class=\"elementor-container elementor-column-gap-default\">\n\t\t\t\t\t<div class=\"elementor-column elementor-col-50 elementor-top-column elementor-element elementor-element-9198b80\" data-id=\"9198b80\" data-element_type=\"column\" data-e-type=\"column\">\n\t\t\t<div class=\"elementor-widget-wrap elementor-element-populated\">\n\t\t\t\t\t\t<div class=\"elementor-element elementor-element-7eeedcd elementor-widget elementor-widget-image\" data-id=\"7eeedcd\" data-element_type=\"widget\" data-e-type=\"widget\" data-widget_type=\"image.default\">\n\t\t\t\t<div class=\"elementor-widget-container\">\n\t\t\t\t\t\t\t\t\t\t\t\t\t\t\t<img decoding=\"async\" width=\"67\" height=\"58\" src=\"https:\/\/fightbullying.info\/wp-content\/uploads\/2023\/08\/presentacion.png\" class=\"attachment-large size-large wp-image-154\" alt=\"presentaci\u00f3n\" srcset=\"https:\/\/fightbullying.info\/wp-content\/uploads\/2023\/08\/presentacion.png 67w, https:\/\/fightbullying.info\/wp-content\/uploads\/2023\/08\/presentacion-14x12.png 14w\" sizes=\"(max-width: 67px) 100vw, 67px\" \/>\t\t\t\t\t\t\t\t\t\t\t\t\t\t\t<\/div>\n\t\t\t\t<\/div>\n\t\t\t\t\t<\/div>\n\t\t<\/div>\n\t\t\t\t<div class=\"elementor-column elementor-col-50 elementor-top-column elementor-element elementor-element-fdcfc3f\" data-id=\"fdcfc3f\" data-element_type=\"column\" data-e-type=\"column\">\n\t\t\t<div class=\"elementor-widget-wrap elementor-element-populated\">\n\t\t\t\t\t\t<div class=\"elementor-element elementor-element-50436d7 elementor-widget elementor-widget-heading\" data-id=\"50436d7\" data-element_type=\"widget\" data-e-type=\"widget\" data-widget_type=\"heading.default\">\n\t\t\t\t<div class=\"elementor-widget-container\">\n\t\t\t\t\t<h3 class=\"elementor-heading-title elementor-size-default\">La Nueva Espa\u00f1a<\/h3>\t\t\t\t<\/div>\n\t\t\t\t<\/div>\n\t\t\t\t<div class=\"elementor-element elementor-element-4fba7dc elementor-widget elementor-widget-text-editor\" data-id=\"4fba7dc\" data-element_type=\"widget\" data-e-type=\"widget\" data-widget_type=\"text-editor.default\">\n\t\t\t\t<div class=\"elementor-widget-container\">\n\t\t\t\t\t\t\t\t\t<p><a href=\"https:\/\/www.lne.es\/gijon\/2023\/10\/12\/proyectos-bullying-tecnologia-inmediato-93245766.html\" target=\"_blank\" rel=\"noopener\">Click here<\/a><\/p>\t\t\t\t\t\t\t\t<\/div>\n\t\t\t\t<\/div>\n\t\t\t\t\t<\/div>\n\t\t<\/div>\n\t\t\t\t\t<\/div>\n\t\t<\/section>\n\t\t\t\t<section class=\"elementor-section elementor-top-section elementor-element elementor-element-2c5ec73 elementor-section-boxed elementor-section-height-default elementor-section-height-default\" data-id=\"2c5ec73\" data-element_type=\"section\" data-e-type=\"section\">\n\t\t\t\t\t\t<div class=\"elementor-container elementor-column-gap-default\">\n\t\t\t\t\t<div class=\"elementor-column elementor-col-50 elementor-top-column elementor-element elementor-element-b6aa8ba\" data-id=\"b6aa8ba\" data-element_type=\"column\" data-e-type=\"column\">\n\t\t\t<div class=\"elementor-widget-wrap elementor-element-populated\">\n\t\t\t\t\t\t<div class=\"elementor-element elementor-element-b3ea785 elementor-widget elementor-widget-image\" data-id=\"b3ea785\" data-element_type=\"widget\" data-e-type=\"widget\" data-widget_type=\"image.default\">\n\t\t\t\t<div class=\"elementor-widget-container\">\n\t\t\t\t\t\t\t\t\t\t\t\t\t\t\t<img decoding=\"async\" width=\"67\" height=\"58\" src=\"https:\/\/fightbullying.info\/wp-content\/uploads\/2023\/08\/presentacion.png\" class=\"attachment-large size-large wp-image-154\" alt=\"presentaci\u00f3n\" srcset=\"https:\/\/fightbullying.info\/wp-content\/uploads\/2023\/08\/presentacion.png 67w, https:\/\/fightbullying.info\/wp-content\/uploads\/2023\/08\/presentacion-14x12.png 14w\" sizes=\"(max-width: 67px) 100vw, 67px\" \/>\t\t\t\t\t\t\t\t\t\t\t\t\t\t\t<\/div>\n\t\t\t\t<\/div>\n\t\t\t\t\t<\/div>\n\t\t<\/div>\n\t\t\t\t<div class=\"elementor-column elementor-col-50 elementor-top-column elementor-element elementor-element-3b193c7\" data-id=\"3b193c7\" data-element_type=\"column\" data-e-type=\"column\">\n\t\t\t<div class=\"elementor-widget-wrap elementor-element-populated\">\n\t\t\t\t\t\t<div class=\"elementor-element elementor-element-11df053 elementor-widget elementor-widget-heading\" data-id=\"11df053\" data-element_type=\"widget\" data-e-type=\"widget\" data-widget_type=\"heading.default\">\n\t\t\t\t<div class=\"elementor-widget-container\">\n\t\t\t\t\t<h3 class=\"elementor-heading-title elementor-size-default\">RTPA<\/h3>\t\t\t\t<\/div>\n\t\t\t\t<\/div>\n\t\t\t\t<div class=\"elementor-element elementor-element-6db64e8 elementor-widget elementor-widget-text-editor\" data-id=\"6db64e8\" data-element_type=\"widget\" data-e-type=\"widget\" data-widget_type=\"text-editor.default\">\n\t\t\t\t<div class=\"elementor-widget-container\">\n\t\t\t\t\t\t\t\t\t<p><a href=\"https:\/\/www.rtpa.es\/noticias-ciencia:Carlos-Sanchez,-ganador-del-Hackathon-Fightbullying-2023_111697058607.html\" target=\"_blank\" rel=\"noopener\">Click here<\/a><\/p>\t\t\t\t\t\t\t\t<\/div>\n\t\t\t\t<\/div>\n\t\t\t\t\t<\/div>\n\t\t<\/div>\n\t\t\t\t\t<\/div>\n\t\t<\/section>\n\t\t\t\t<section class=\"elementor-section elementor-top-section elementor-element elementor-element-0f80c38 elementor-section-full_width elementor-section-height-default elementor-section-height-default\" data-id=\"0f80c38\" data-element_type=\"section\" data-e-type=\"section\" id=\"organizadores\">\n\t\t\t\t\t\t<div class=\"elementor-container elementor-column-gap-default\">\n\t\t\t\t\t<div class=\"elementor-column elementor-col-100 elementor-top-column elementor-element elementor-element-b602f9e\" data-id=\"b602f9e\" data-element_type=\"column\" data-e-type=\"column\">\n\t\t\t<div class=\"elementor-widget-wrap elementor-element-populated\">\n\t\t\t\t\t\t<div class=\"elementor-element elementor-element-1f9e370 elementor-widget elementor-widget-text-editor\" data-id=\"1f9e370\" data-element_type=\"widget\" data-e-type=\"widget\" data-widget_type=\"text-editor.default\">\n\t\t\t\t<div class=\"elementor-widget-container\">\n\t\t\t\t\t\t\t\t\tSponsored by:\t\t\t\t\t\t\t\t<\/div>\n\t\t\t\t<\/div>\n\t\t\t\t<section class=\"elementor-section elementor-inner-section elementor-element elementor-element-10aa43c elementor-section-boxed elementor-section-height-default elementor-section-height-default\" data-id=\"10aa43c\" data-element_type=\"section\" data-e-type=\"section\">\n\t\t\t\t\t\t<div class=\"elementor-container elementor-column-gap-default\">\n\t\t\t\t\t<div class=\"elementor-column elementor-col-16 elementor-inner-column elementor-element elementor-element-b6a14cd\" data-id=\"b6a14cd\" data-element_type=\"column\" data-e-type=\"column\">\n\t\t\t<div class=\"elementor-widget-wrap elementor-element-populated\">\n\t\t\t\t\t\t<div class=\"elementor-element elementor-element-1de82d7 elementor-widget elementor-widget-image\" data-id=\"1de82d7\" data-element_type=\"widget\" data-e-type=\"widget\" data-widget_type=\"image.default\">\n\t\t\t\t<div class=\"elementor-widget-container\">\n\t\t\t\t\t\t\t\t\t\t\t\t\t\t\t\t<a href=\"https:\/\/www.huawei.com\/es\/\" target=\"_blank\" rel=\"noopener\">\n\t\t\t\t\t\t\t<img fetchpriority=\"high\" decoding=\"async\" width=\"300\" height=\"300\" src=\"https:\/\/fightbullying.info\/wp-content\/uploads\/2023\/09\/logo-huawei-negro.png\" class=\"attachment-large size-large wp-image-294\" alt=\"logo huawei\" srcset=\"https:\/\/fightbullying.info\/wp-content\/uploads\/2023\/09\/logo-huawei-negro.png 300w, https:\/\/fightbullying.info\/wp-content\/uploads\/2023\/09\/logo-huawei-negro-150x150.png 150w, https:\/\/fightbullying.info\/wp-content\/uploads\/2023\/09\/logo-huawei-negro-12x12.png 12w\" sizes=\"(max-width: 300px) 100vw, 300px\" \/>\t\t\t\t\t\t\t\t<\/a>\n\t\t\t\t\t\t\t\t\t\t\t\t\t\t\t<\/div>\n\t\t\t\t<\/div>\n\t\t\t\t\t<\/div>\n\t\t<\/div>\n\t\t\t\t<div class=\"elementor-column elementor-col-16 elementor-inner-column elementor-element elementor-element-085ac94\" data-id=\"085ac94\" data-element_type=\"column\" data-e-type=\"column\">\n\t\t\t<div class=\"elementor-widget-wrap elementor-element-populated\">\n\t\t\t\t\t\t<div class=\"elementor-element elementor-element-a70d416 elementor-widget elementor-widget-image\" data-id=\"a70d416\" data-element_type=\"widget\" data-e-type=\"widget\" data-widget_type=\"image.default\">\n\t\t\t\t<div class=\"elementor-widget-container\">\n\t\t\t\t\t\t\t\t\t\t\t\t\t\t\t\t<a href=\"https:\/\/www.i4life.es\/\" target=\"_blank\" rel=\"noopener\">\n\t\t\t\t\t\t\t<img decoding=\"async\" width=\"1016\" height=\"300\" src=\"https:\/\/fightbullying.info\/wp-content\/uploads\/2023\/09\/logo-i4life-negro.png\" class=\"attachment-large size-large wp-image-296\" alt=\"logo i4life\" srcset=\"https:\/\/fightbullying.info\/wp-content\/uploads\/2023\/09\/logo-i4life-negro.png 1016w, https:\/\/fightbullying.info\/wp-content\/uploads\/2023\/09\/logo-i4life-negro-300x89.png 300w, https:\/\/fightbullying.info\/wp-content\/uploads\/2023\/09\/logo-i4life-negro-768x227.png 768w, https:\/\/fightbullying.info\/wp-content\/uploads\/2023\/09\/logo-i4life-negro-18x5.png 18w\" sizes=\"(max-width: 1016px) 100vw, 1016px\" \/>\t\t\t\t\t\t\t\t<\/a>\n\t\t\t\t\t\t\t\t\t\t\t\t\t\t\t<\/div>\n\t\t\t\t<\/div>\n\t\t\t\t\t<\/div>\n\t\t<\/div>\n\t\t\t\t<div class=\"elementor-column elementor-col-16 elementor-inner-column elementor-element elementor-element-25370d1\" data-id=\"25370d1\" data-element_type=\"column\" data-e-type=\"column\">\n\t\t\t<div class=\"elementor-widget-wrap elementor-element-populated\">\n\t\t\t\t\t\t<div class=\"elementor-element elementor-element-c218888 elementor-widget elementor-widget-image\" data-id=\"c218888\" data-element_type=\"widget\" data-e-type=\"widget\" data-widget_type=\"image.default\">\n\t\t\t\t<div class=\"elementor-widget-container\">\n\t\t\t\t\t\t\t\t\t\t\t\t\t\t\t\t<a href=\"https:\/\/www.clustertic.net\/\" target=\"_blank\" rel=\"noopener\">\n\t\t\t\t\t\t\t<img loading=\"lazy\" decoding=\"async\" width=\"774\" height=\"300\" src=\"https:\/\/fightbullying.info\/wp-content\/uploads\/2023\/09\/clustertic-logo-negro.png\" class=\"attachment-large size-large wp-image-292\" alt=\"logo clustertic\" srcset=\"https:\/\/fightbullying.info\/wp-content\/uploads\/2023\/09\/clustertic-logo-negro.png 774w, https:\/\/fightbullying.info\/wp-content\/uploads\/2023\/09\/clustertic-logo-negro-300x116.png 300w, https:\/\/fightbullying.info\/wp-content\/uploads\/2023\/09\/clustertic-logo-negro-768x298.png 768w, https:\/\/fightbullying.info\/wp-content\/uploads\/2023\/09\/clustertic-logo-negro-18x7.png 18w\" sizes=\"(max-width: 774px) 100vw, 774px\" \/>\t\t\t\t\t\t\t\t<\/a>\n\t\t\t\t\t\t\t\t\t\t\t\t\t\t\t<\/div>\n\t\t\t\t<\/div>\n\t\t\t\t\t<\/div>\n\t\t<\/div>\n\t\t\t\t<div class=\"elementor-column elementor-col-16 elementor-inner-column elementor-element elementor-element-81f92f4\" data-id=\"81f92f4\" data-element_type=\"column\" data-e-type=\"column\">\n\t\t\t<div class=\"elementor-widget-wrap elementor-element-populated\">\n\t\t\t\t\t\t<div class=\"elementor-element elementor-element-6f94a50 elementor-widget elementor-widget-image\" data-id=\"6f94a50\" data-element_type=\"widget\" data-e-type=\"widget\" data-widget_type=\"image.default\">\n\t\t\t\t<div class=\"elementor-widget-container\">\n\t\t\t\t\t\t\t\t\t\t\t\t\t\t\t<img loading=\"lazy\" decoding=\"async\" width=\"640\" height=\"461\" src=\"https:\/\/fightbullying.info\/wp-content\/uploads\/2023\/09\/Castellano-vertical-blanco-ciencia-innovacion-universidad-Negro.png\" class=\"attachment-large size-large wp-image-926\" alt=\"\" srcset=\"https:\/\/fightbullying.info\/wp-content\/uploads\/2023\/09\/Castellano-vertical-blanco-ciencia-innovacion-universidad-Negro.png 640w, https:\/\/fightbullying.info\/wp-content\/uploads\/2023\/09\/Castellano-vertical-blanco-ciencia-innovacion-universidad-Negro-300x216.png 300w, https:\/\/fightbullying.info\/wp-content\/uploads\/2023\/09\/Castellano-vertical-blanco-ciencia-innovacion-universidad-Negro-18x12.png 18w\" sizes=\"(max-width: 640px) 100vw, 640px\" \/>\t\t\t\t\t\t\t\t\t\t\t\t\t\t\t<\/div>\n\t\t\t\t<\/div>\n\t\t\t\t\t<\/div>\n\t\t<\/div>\n\t\t\t\t<div class=\"elementor-column elementor-col-16 elementor-inner-column elementor-element elementor-element-bd68173\" data-id=\"bd68173\" data-element_type=\"column\" data-e-type=\"column\">\n\t\t\t<div class=\"elementor-widget-wrap elementor-element-populated\">\n\t\t\t\t\t\t<div class=\"elementor-element elementor-element-2abb2fb elementor-widget elementor-widget-image\" data-id=\"2abb2fb\" data-element_type=\"widget\" data-e-type=\"widget\" data-widget_type=\"image.default\">\n\t\t\t\t<div class=\"elementor-widget-container\">\n\t\t\t\t\t\t\t\t\t\t\t\t\t\t\t<img loading=\"lazy\" decoding=\"async\" width=\"300\" height=\"215\" src=\"https:\/\/fightbullying.info\/wp-content\/uploads\/2023\/09\/IAsturias-negro.png\" class=\"attachment-large size-large wp-image-992\" alt=\"\" srcset=\"https:\/\/fightbullying.info\/wp-content\/uploads\/2023\/09\/IAsturias-negro.png 300w, https:\/\/fightbullying.info\/wp-content\/uploads\/2023\/09\/IAsturias-negro-18x12.png 18w\" sizes=\"(max-width: 300px) 100vw, 300px\" \/>\t\t\t\t\t\t\t\t\t\t\t\t\t\t\t<\/div>\n\t\t\t\t<\/div>\n\t\t\t\t\t<\/div>\n\t\t<\/div>\n\t\t\t\t<div class=\"elementor-column elementor-col-16 elementor-inner-column elementor-element elementor-element-29c10c3\" data-id=\"29c10c3\" data-element_type=\"column\" data-e-type=\"column\">\n\t\t\t<div class=\"elementor-widget-wrap elementor-element-populated\">\n\t\t\t\t\t\t<div class=\"elementor-element elementor-element-e7009fe elementor-widget elementor-widget-image\" data-id=\"e7009fe\" data-element_type=\"widget\" data-e-type=\"widget\" data-widget_type=\"image.default\">\n\t\t\t\t<div class=\"elementor-widget-container\">\n\t\t\t\t\t\t\t\t\t\t\t\t\t\t\t<img loading=\"lazy\" decoding=\"async\" width=\"356\" height=\"113\" src=\"https:\/\/fightbullying.info\/wp-content\/uploads\/2023\/09\/logo-impulsa-negro.png\" class=\"attachment-large size-large wp-image-975\" alt=\"logo impulsa\" srcset=\"https:\/\/fightbullying.info\/wp-content\/uploads\/2023\/09\/logo-impulsa-negro.png 356w, https:\/\/fightbullying.info\/wp-content\/uploads\/2023\/09\/logo-impulsa-negro-300x95.png 300w, https:\/\/fightbullying.info\/wp-content\/uploads\/2023\/09\/logo-impulsa-negro-18x6.png 18w\" sizes=\"(max-width: 356px) 100vw, 356px\" \/>\t\t\t\t\t\t\t\t\t\t\t\t\t\t\t<\/div>\n\t\t\t\t<\/div>\n\t\t\t\t\t<\/div>\n\t\t<\/div>\n\t\t\t\t\t<\/div>\n\t\t<\/section>\n\t\t\t\t\t<\/div>\n\t\t<\/div>\n\t\t\t\t\t<\/div>\n\t\t<\/section>\n\t\t\t\t<\/div>","protected":false},"excerpt":{"rendered":"<p>Aparici\u00f3n en medios La Nueva Espa\u00f1a Ver aqu\u00ed RTPA Ver aqu\u00ed Patrocinado por:<\/p>","protected":false},"author":1,"featured_media":0,"parent":0,"menu_order":0,"comment_status":"closed","ping_status":"closed","template":"","meta":{"site-sidebar-layout":"no-sidebar","site-content-layout":"plain-container","ast-site-content-layout":"full-width-container","site-content-style":"default","site-sidebar-style":"default","ast-global-header-display":"","ast-banner-title-visibility":"","ast-main-header-display":"","ast-hfb-above-header-display":"","ast-hfb-below-header-display":"","ast-hfb-mobile-header-display":"","site-post-title":"disabled","ast-breadcrumbs-content":"","ast-featured-img":"disabled","footer-sml-layout":"","ast-disable-related-posts":"","theme-transparent-header-meta":"enabled","adv-header-id-meta":"","stick-header-meta":"","header-above-stick-meta":"","header-main-stick-meta":"","header-below-stick-meta":"","astra-migrate-meta-layouts":"default","ast-page-background-enabled":"default","ast-page-background-meta":{"desktop":{"background-color":"var(--ast-global-color-4)","background-image":"","background-repeat":"repeat","background-position":"center center","background-size":"auto","background-attachment":"scroll","background-type":"","background-media":"","overlay-type":"","overlay-color":"","overlay-opacity":"","overlay-gradient":""},"tablet":{"background-color":"","background-image":"","background-repeat":"repeat","background-position":"center center","background-size":"auto","background-attachment":"scroll","background-type":"","background-media":"","overlay-type":"","overlay-color":"","overlay-opacity":"","overlay-gradient":""},"mobile":{"background-color":"","background-image":"","background-repeat":"repeat","background-position":"center center","background-size":"auto","background-attachment":"scroll","background-type":"","background-media":"","overlay-type":"","overlay-color":"","overlay-opacity":"","overlay-gradient":""}},"ast-content-background-meta":{"desktop":{"background-color":"var(--ast-global-color-5)","background-image":"","background-repeat":"repeat","background-position":"center center","background-size":"auto","background-attachment":"scroll","background-type":"","background-media":"","overlay-type":"","overlay-color":"","overlay-opacity":"","overlay-gradient":""},"tablet":{"background-color":"var(--ast-global-color-5)","background-image":"","background-repeat":"repeat","background-position":"center center","background-size":"auto","background-attachment":"scroll","background-type":"","background-media":"","overlay-type":"","overlay-color":"","overlay-opacity":"","overlay-gradient":""},"mobile":{"background-color":"var(--ast-global-color-5)","background-image":"","background-repeat":"repeat","background-position":"center center","background-size":"auto","background-attachment":"scroll","background-type":"","background-media":"","overlay-type":"","overlay-color":"","overlay-opacity":"","overlay-gradient":""}},"footnotes":""},"class_list":["post-1998","page","type-page","status-publish","hentry"],"_links":{"self":[{"href":"https:\/\/fightbullying.info\/en\/wp-json\/wp\/v2\/pages\/1998","targetHints":{"allow":["GET"]}}],"collection":[{"href":"https:\/\/fightbullying.info\/en\/wp-json\/wp\/v2\/pages"}],"about":[{"href":"https:\/\/fightbullying.info\/en\/wp-json\/wp\/v2\/types\/page"}],"author":[{"embeddable":true,"href":"https:\/\/fightbullying.info\/en\/wp-json\/wp\/v2\/users\/1"}],"replies":[{"embeddable":true,"href":"https:\/\/fightbullying.info\/en\/wp-json\/wp\/v2\/comments?post=1998"}],"version-history":[{"count":16,"href":"https:\/\/fightbullying.info\/en\/wp-json\/wp\/v2\/pages\/1998\/revisions"}],"predecessor-version":[{"id":2059,"href":"https:\/\/fightbullying.info\/en\/wp-json\/wp\/v2\/pages\/1998\/revisions\/2059"}],"wp:attachment":[{"href":"https:\/\/fightbullying.info\/en\/wp-json\/wp\/v2\/media?parent=1998"}],"curies":[{"name":"wp","href":"https:\/\/api.w.org\/{rel}","templated":true}]}}