{"id":1947,"date":"2023-12-28T13:15:14","date_gmt":"2023-12-28T12:15:14","guid":{"rendered":"https:\/\/fightbullying.info\/?page_id=1947"},"modified":"2023-12-29T09:36:18","modified_gmt":"2023-12-29T08:36:18","slug":"organizadores","status":"publish","type":"page","link":"https:\/\/fightbullying.info\/en\/organizadores\/","title":{"rendered":"Organisers"},"content":{"rendered":"<div data-elementor-type=\"wp-page\" data-elementor-id=\"1947\" class=\"elementor elementor-1947\">\n\t\t\t\t\t\t<section class=\"elementor-section elementor-top-section elementor-element elementor-element-ec518e9 elementor-section-height-min-height elementor-section-boxed elementor-section-height-default elementor-section-items-middle\" data-id=\"ec518e9\" data-element_type=\"section\" data-e-type=\"section\" data-settings=\"{&quot;background_background&quot;:&quot;classic&quot;}\">\n\t\t\t\t\t\t<div class=\"elementor-container elementor-column-gap-default\">\n\t\t\t\t\t<div class=\"elementor-column elementor-col-100 elementor-top-column elementor-element elementor-element-beee693\" data-id=\"beee693\" data-element_type=\"column\" data-e-type=\"column\">\n\t\t\t<div class=\"elementor-widget-wrap elementor-element-populated\">\n\t\t\t\t\t\t<div class=\"elementor-element elementor-element-068a26a elementor-widget elementor-widget-heading\" data-id=\"068a26a\" data-element_type=\"widget\" data-e-type=\"widget\" data-widget_type=\"heading.default\">\n\t\t\t\t<div class=\"elementor-widget-container\">\n\t\t\t\t\t<h2 class=\"elementor-heading-title elementor-size-default\">Organisers<\/h2>\t\t\t\t<\/div>\n\t\t\t\t<\/div>\n\t\t\t\t\t<\/div>\n\t\t<\/div>\n\t\t\t\t\t<\/div>\n\t\t<\/section>\n\t\t\t\t<section class=\"elementor-section elementor-top-section elementor-element elementor-element-0f80c38 elementor-section-full_width elementor-section-height-default elementor-section-height-default\" data-id=\"0f80c38\" data-element_type=\"section\" data-e-type=\"section\" id=\"organizadores\">\n\t\t\t\t\t\t<div class=\"elementor-container elementor-column-gap-default\">\n\t\t\t\t\t<div class=\"elementor-column elementor-col-100 elementor-top-column elementor-element elementor-element-b602f9e\" data-id=\"b602f9e\" data-element_type=\"column\" data-e-type=\"column\">\n\t\t\t<div class=\"elementor-widget-wrap elementor-element-populated\">\n\t\t\t\t\t\t<div class=\"elementor-element elementor-element-1f9e370 elementor-widget elementor-widget-text-editor\" data-id=\"1f9e370\" data-element_type=\"widget\" data-e-type=\"widget\" data-widget_type=\"text-editor.default\">\n\t\t\t\t<div class=\"elementor-widget-container\">\n\t\t\t\t\t\t\t\t\tThe hackathon was organised by:\t\t\t\t\t\t\t\t<\/div>\n\t\t\t\t<\/div>\n\t\t\t\t\t<\/div>\n\t\t<\/div>\n\t\t\t\t\t<\/div>\n\t\t<\/section>\n\t\t\t\t<section class=\"elementor-section elementor-top-section elementor-element elementor-element-26dfeb6 elementor-section-content-middle elementor-section-boxed elementor-section-height-default elementor-section-height-default\" data-id=\"26dfeb6\" data-element_type=\"section\" data-e-type=\"section\">\n\t\t\t\t\t\t<div class=\"elementor-container elementor-column-gap-default\">\n\t\t\t\t\t<div class=\"elementor-column elementor-col-50 elementor-top-column elementor-element elementor-element-853c6d8\" data-id=\"853c6d8\" data-element_type=\"column\" data-e-type=\"column\">\n\t\t\t<div class=\"elementor-widget-wrap elementor-element-populated\">\n\t\t\t\t\t\t<div class=\"elementor-element elementor-element-1de82d7 elementor-widget elementor-widget-image\" data-id=\"1de82d7\" data-element_type=\"widget\" data-e-type=\"widget\" data-widget_type=\"image.default\">\n\t\t\t\t<div class=\"elementor-widget-container\">\n\t\t\t\t\t\t\t\t\t\t\t\t\t\t\t\t<a href=\"https:\/\/www.huawei.com\/es\/\" target=\"_blank\" rel=\"noopener\">\n\t\t\t\t\t\t\t<img fetchpriority=\"high\" decoding=\"async\" width=\"300\" height=\"300\" src=\"https:\/\/fightbullying.info\/wp-content\/uploads\/2023\/09\/logo-huawei-negro.png\" class=\"attachment-large size-large wp-image-294\" alt=\"logo huawei\" srcset=\"https:\/\/fightbullying.info\/wp-content\/uploads\/2023\/09\/logo-huawei-negro.png 300w, https:\/\/fightbullying.info\/wp-content\/uploads\/2023\/09\/logo-huawei-negro-150x150.png 150w, https:\/\/fightbullying.info\/wp-content\/uploads\/2023\/09\/logo-huawei-negro-12x12.png 12w\" sizes=\"(max-width: 300px) 100vw, 300px\" \/>\t\t\t\t\t\t\t\t<\/a>\n\t\t\t\t\t\t\t\t\t\t\t\t\t\t\t<\/div>\n\t\t\t\t<\/div>\n\t\t\t\t\t<\/div>\n\t\t<\/div>\n\t\t\t\t<div class=\"elementor-column elementor-col-50 elementor-top-column elementor-element elementor-element-1769e87\" data-id=\"1769e87\" data-element_type=\"column\" data-e-type=\"column\">\n\t\t\t<div class=\"elementor-widget-wrap elementor-element-populated\">\n\t\t\t\t\t\t<div class=\"elementor-element elementor-element-85c7960 elementor-widget elementor-widget-text-editor\" data-id=\"85c7960\" data-element_type=\"widget\" data-e-type=\"widget\" data-widget_type=\"text-editor.default\">\n\t\t\t\t<div class=\"elementor-widget-container\">\n\t\t\t\t\t\t\t\t\tHuawei is an international device manufacturing company. Its participation in the Hackathon has been key to spreading the message, providing content for the prizes and advising the teams on the standardisation and regulatory compliance of the solutions devised. Huawei Europe accompanied the winners to the Little Guardian solution launch day in Paris on 7 December 2023.\t\t\t\t\t\t\t\t<\/div>\n\t\t\t\t<\/div>\n\t\t\t\t\t<\/div>\n\t\t<\/div>\n\t\t\t\t\t<\/div>\n\t\t<\/section>\n\t\t\t\t<section class=\"elementor-section elementor-top-section elementor-element elementor-element-b4becae elementor-section-content-middle elementor-section-boxed elementor-section-height-default elementor-section-height-default\" data-id=\"b4becae\" data-element_type=\"section\" data-e-type=\"section\">\n\t\t\t\t\t\t<div class=\"elementor-container elementor-column-gap-default\">\n\t\t\t\t\t<div class=\"elementor-column elementor-col-50 elementor-top-column elementor-element elementor-element-98723c6\" data-id=\"98723c6\" data-element_type=\"column\" data-e-type=\"column\">\n\t\t\t<div class=\"elementor-widget-wrap elementor-element-populated\">\n\t\t\t\t\t\t<div class=\"elementor-element elementor-element-ff2d101 elementor-widget elementor-widget-image\" data-id=\"ff2d101\" data-element_type=\"widget\" data-e-type=\"widget\" data-widget_type=\"image.default\">\n\t\t\t\t<div class=\"elementor-widget-container\">\n\t\t\t\t\t\t\t\t\t\t\t\t\t\t\t\t<a href=\"https:\/\/www.i4life.es\/\" target=\"_blank\" rel=\"noopener\">\n\t\t\t\t\t\t\t<img decoding=\"async\" width=\"1016\" height=\"300\" src=\"https:\/\/fightbullying.info\/wp-content\/uploads\/2023\/09\/logo-i4life-negro.png\" class=\"attachment-large size-large wp-image-296\" alt=\"logo i4life\" srcset=\"https:\/\/fightbullying.info\/wp-content\/uploads\/2023\/09\/logo-i4life-negro.png 1016w, https:\/\/fightbullying.info\/wp-content\/uploads\/2023\/09\/logo-i4life-negro-300x89.png 300w, https:\/\/fightbullying.info\/wp-content\/uploads\/2023\/09\/logo-i4life-negro-768x227.png 768w, https:\/\/fightbullying.info\/wp-content\/uploads\/2023\/09\/logo-i4life-negro-18x5.png 18w\" sizes=\"(max-width: 1016px) 100vw, 1016px\" \/>\t\t\t\t\t\t\t\t<\/a>\n\t\t\t\t\t\t\t\t\t\t\t\t\t\t\t<\/div>\n\t\t\t\t<\/div>\n\t\t\t\t\t<\/div>\n\t\t<\/div>\n\t\t\t\t<div class=\"elementor-column elementor-col-50 elementor-top-column elementor-element elementor-element-03743ec\" data-id=\"03743ec\" data-element_type=\"column\" data-e-type=\"column\">\n\t\t\t<div class=\"elementor-widget-wrap elementor-element-populated\">\n\t\t\t\t\t\t<div class=\"elementor-element elementor-element-92a794d elementor-widget elementor-widget-text-editor\" data-id=\"92a794d\" data-element_type=\"widget\" data-e-type=\"widget\" data-widget_type=\"text-editor.default\">\n\t\t\t\t<div class=\"elementor-widget-container\">\n\t\t\t\t\t\t\t\t\ti4life is a technology company that combines engineering projects for commercial or business purposes with social purpose. Its team has built the Hackathon stage, developed the website and is leading the anti-bullying movement.\t\t\t\t\t\t\t\t<\/div>\n\t\t\t\t<\/div>\n\t\t\t\t\t<\/div>\n\t\t<\/div>\n\t\t\t\t\t<\/div>\n\t\t<\/section>\n\t\t\t\t<section class=\"elementor-section elementor-top-section elementor-element elementor-element-705a65f elementor-section-content-middle elementor-section-boxed elementor-section-height-default elementor-section-height-default\" data-id=\"705a65f\" data-element_type=\"section\" data-e-type=\"section\">\n\t\t\t\t\t\t<div class=\"elementor-container elementor-column-gap-default\">\n\t\t\t\t\t<div class=\"elementor-column elementor-col-50 elementor-top-column elementor-element elementor-element-213635c\" data-id=\"213635c\" data-element_type=\"column\" data-e-type=\"column\">\n\t\t\t<div class=\"elementor-widget-wrap elementor-element-populated\">\n\t\t\t\t\t\t<div class=\"elementor-element elementor-element-c218888 elementor-widget elementor-widget-image\" data-id=\"c218888\" data-element_type=\"widget\" data-e-type=\"widget\" data-widget_type=\"image.default\">\n\t\t\t\t<div class=\"elementor-widget-container\">\n\t\t\t\t\t\t\t\t\t\t\t\t\t\t\t\t<a href=\"https:\/\/www.clustertic.net\/\" target=\"_blank\" rel=\"noopener\">\n\t\t\t\t\t\t\t<img decoding=\"async\" width=\"774\" height=\"300\" src=\"https:\/\/fightbullying.info\/wp-content\/uploads\/2023\/09\/clustertic-logo-negro.png\" class=\"attachment-large size-large wp-image-292\" alt=\"logo clustertic\" srcset=\"https:\/\/fightbullying.info\/wp-content\/uploads\/2023\/09\/clustertic-logo-negro.png 774w, https:\/\/fightbullying.info\/wp-content\/uploads\/2023\/09\/clustertic-logo-negro-300x116.png 300w, https:\/\/fightbullying.info\/wp-content\/uploads\/2023\/09\/clustertic-logo-negro-768x298.png 768w, https:\/\/fightbullying.info\/wp-content\/uploads\/2023\/09\/clustertic-logo-negro-18x7.png 18w\" sizes=\"(max-width: 774px) 100vw, 774px\" \/>\t\t\t\t\t\t\t\t<\/a>\n\t\t\t\t\t\t\t\t\t\t\t\t\t\t\t<\/div>\n\t\t\t\t<\/div>\n\t\t\t\t\t<\/div>\n\t\t<\/div>\n\t\t\t\t<div class=\"elementor-column elementor-col-50 elementor-top-column elementor-element elementor-element-b6a8ccc\" data-id=\"b6a8ccc\" data-element_type=\"column\" data-e-type=\"column\">\n\t\t\t<div class=\"elementor-widget-wrap elementor-element-populated\">\n\t\t\t\t\t\t<div class=\"elementor-element elementor-element-a2a9fb3 elementor-widget elementor-widget-text-editor\" data-id=\"a2a9fb3\" data-element_type=\"widget\" data-e-type=\"widget\" data-widget_type=\"text-editor.default\">\n\t\t\t\t<div class=\"elementor-widget-container\">\n\t\t\t\t\t\t\t\t\tCluster TIC is a group of technology companies in Asturias. Within its dissemination days, it has framed the final event of the Hackathon &gt;Fightbullying; , where all the ideas that emerged during the maturation sessions were presented. Its contribution has been the management of spaces and people, as well as bringing together interests and companies to make the Hackathon a success.\t\t\t\t\t\t\t\t<\/div>\n\t\t\t\t<\/div>\n\t\t\t\t\t<\/div>\n\t\t<\/div>\n\t\t\t\t\t<\/div>\n\t\t<\/section>\n\t\t\t\t<section class=\"elementor-section elementor-top-section elementor-element elementor-element-5e62a2b elementor-section-content-middle elementor-section-boxed elementor-section-height-default elementor-section-height-default\" data-id=\"5e62a2b\" data-element_type=\"section\" data-e-type=\"section\">\n\t\t\t\t\t\t<div class=\"elementor-container elementor-column-gap-default\">\n\t\t\t\t\t<div class=\"elementor-column elementor-col-33 elementor-top-column elementor-element elementor-element-312ba6d\" data-id=\"312ba6d\" data-element_type=\"column\" data-e-type=\"column\">\n\t\t\t<div class=\"elementor-widget-wrap elementor-element-populated\">\n\t\t\t\t\t\t<div class=\"elementor-element elementor-element-6f94a50 elementor-widget elementor-widget-image\" data-id=\"6f94a50\" data-element_type=\"widget\" data-e-type=\"widget\" data-widget_type=\"image.default\">\n\t\t\t\t<div class=\"elementor-widget-container\">\n\t\t\t\t\t\t\t\t\t\t\t\t\t\t\t<img loading=\"lazy\" decoding=\"async\" width=\"640\" height=\"461\" src=\"https:\/\/fightbullying.info\/wp-content\/uploads\/2023\/09\/Castellano-vertical-blanco-ciencia-innovacion-universidad-Negro.png\" class=\"attachment-large size-large wp-image-926\" alt=\"\" srcset=\"https:\/\/fightbullying.info\/wp-content\/uploads\/2023\/09\/Castellano-vertical-blanco-ciencia-innovacion-universidad-Negro.png 640w, https:\/\/fightbullying.info\/wp-content\/uploads\/2023\/09\/Castellano-vertical-blanco-ciencia-innovacion-universidad-Negro-300x216.png 300w, https:\/\/fightbullying.info\/wp-content\/uploads\/2023\/09\/Castellano-vertical-blanco-ciencia-innovacion-universidad-Negro-18x12.png 18w\" sizes=\"(max-width: 640px) 100vw, 640px\" \/>\t\t\t\t\t\t\t\t\t\t\t\t\t\t\t<\/div>\n\t\t\t\t<\/div>\n\t\t\t\t\t<\/div>\n\t\t<\/div>\n\t\t\t\t<div class=\"elementor-column elementor-col-33 elementor-top-column elementor-element elementor-element-f5eafd8\" data-id=\"f5eafd8\" data-element_type=\"column\" data-e-type=\"column\">\n\t\t\t<div class=\"elementor-widget-wrap elementor-element-populated\">\n\t\t\t\t\t\t<div class=\"elementor-element elementor-element-2abb2fb elementor-widget elementor-widget-image\" data-id=\"2abb2fb\" data-element_type=\"widget\" data-e-type=\"widget\" data-widget_type=\"image.default\">\n\t\t\t\t<div class=\"elementor-widget-container\">\n\t\t\t\t\t\t\t\t\t\t\t\t\t\t\t<img loading=\"lazy\" decoding=\"async\" width=\"300\" height=\"215\" src=\"https:\/\/fightbullying.info\/wp-content\/uploads\/2023\/09\/IAsturias-negro.png\" class=\"attachment-large size-large wp-image-992\" alt=\"\" srcset=\"https:\/\/fightbullying.info\/wp-content\/uploads\/2023\/09\/IAsturias-negro.png 300w, https:\/\/fightbullying.info\/wp-content\/uploads\/2023\/09\/IAsturias-negro-18x12.png 18w\" sizes=\"(max-width: 300px) 100vw, 300px\" \/>\t\t\t\t\t\t\t\t\t\t\t\t\t\t\t<\/div>\n\t\t\t\t<\/div>\n\t\t\t\t\t<\/div>\n\t\t<\/div>\n\t\t\t\t<div class=\"elementor-column elementor-col-33 elementor-top-column elementor-element elementor-element-21ede09\" data-id=\"21ede09\" data-element_type=\"column\" data-e-type=\"column\">\n\t\t\t<div class=\"elementor-widget-wrap elementor-element-populated\">\n\t\t\t\t\t\t<div class=\"elementor-element elementor-element-e7009fe elementor-widget elementor-widget-image\" data-id=\"e7009fe\" data-element_type=\"widget\" data-e-type=\"widget\" data-widget_type=\"image.default\">\n\t\t\t\t<div class=\"elementor-widget-container\">\n\t\t\t\t\t\t\t\t\t\t\t\t\t\t\t<img loading=\"lazy\" decoding=\"async\" width=\"356\" height=\"113\" src=\"https:\/\/fightbullying.info\/wp-content\/uploads\/2023\/09\/logo-impulsa-negro.png\" class=\"attachment-large size-large wp-image-975\" alt=\"logo impulsa\" srcset=\"https:\/\/fightbullying.info\/wp-content\/uploads\/2023\/09\/logo-impulsa-negro.png 356w, https:\/\/fightbullying.info\/wp-content\/uploads\/2023\/09\/logo-impulsa-negro-300x95.png 300w, https:\/\/fightbullying.info\/wp-content\/uploads\/2023\/09\/logo-impulsa-negro-18x6.png 18w\" sizes=\"(max-width: 356px) 100vw, 356px\" \/>\t\t\t\t\t\t\t\t\t\t\t\t\t\t\t<\/div>\n\t\t\t\t<\/div>\n\t\t\t\t\t<\/div>\n\t\t<\/div>\n\t\t\t\t\t<\/div>\n\t\t<\/section>\n\t\t\t\t<\/div>","protected":false},"excerpt":{"rendered":"<p>Organizadores El hackathon ha contado con la organizaci\u00f3n de: Huawei es una empresa internacional dedicada a la fabricaci\u00f3n de dispositivos. Su participaci\u00f3n en el Hackathon ha sido clave para dar difusi\u00f3n al mensaje, para dotar los premios de contenido y tambi\u00e9n ha sido clave para el asesoramiento a los equipos en lo relativo a la [&hellip;]<\/p>\n","protected":false},"author":1,"featured_media":0,"parent":0,"menu_order":0,"comment_status":"closed","ping_status":"closed","template":"","meta":{"site-sidebar-layout":"no-sidebar","site-content-layout":"plain-container","ast-site-content-layout":"full-width-container","site-content-style":"default","site-sidebar-style":"default","ast-global-header-display":"","ast-banner-title-visibility":"","ast-main-header-display":"","ast-hfb-above-header-display":"","ast-hfb-below-header-display":"","ast-hfb-mobile-header-display":"","site-post-title":"disabled","ast-breadcrumbs-content":"","ast-featured-img":"disabled","footer-sml-layout":"","ast-disable-related-posts":"","theme-transparent-header-meta":"enabled","adv-header-id-meta":"","stick-header-meta":"","header-above-stick-meta":"","header-main-stick-meta":"","header-below-stick-meta":"","astra-migrate-meta-layouts":"default","ast-page-background-enabled":"default","ast-page-background-meta":{"desktop":{"background-color":"var(--ast-global-color-4)","background-image":"","background-repeat":"repeat","background-position":"center center","background-size":"auto","background-attachment":"scroll","background-type":"","background-media":"","overlay-type":"","overlay-color":"","overlay-opacity":"","overlay-gradient":""},"tablet":{"background-color":"","background-image":"","background-repeat":"repeat","background-position":"center center","background-size":"auto","background-attachment":"scroll","background-type":"","background-media":"","overlay-type":"","overlay-color":"","overlay-opacity":"","overlay-gradient":""},"mobile":{"background-color":"","background-image":"","background-repeat":"repeat","background-position":"center center","background-size":"auto","background-attachment":"scroll","background-type":"","background-media":"","overlay-type":"","overlay-color":"","overlay-opacity":"","overlay-gradient":""}},"ast-content-background-meta":{"desktop":{"background-color":"var(--ast-global-color-5)","background-image":"","background-repeat":"repeat","background-position":"center center","background-size":"auto","background-attachment":"scroll","background-type":"","background-media":"","overlay-type":"","overlay-color":"","overlay-opacity":"","overlay-gradient":""},"tablet":{"background-color":"var(--ast-global-color-5)","background-image":"","background-repeat":"repeat","background-position":"center center","background-size":"auto","background-attachment":"scroll","background-type":"","background-media":"","overlay-type":"","overlay-color":"","overlay-opacity":"","overlay-gradient":""},"mobile":{"background-color":"var(--ast-global-color-5)","background-image":"","background-repeat":"repeat","background-position":"center center","background-size":"auto","background-attachment":"scroll","background-type":"","background-media":"","overlay-type":"","overlay-color":"","overlay-opacity":"","overlay-gradient":""}},"footnotes":""},"class_list":["post-1947","page","type-page","status-publish","hentry"],"_links":{"self":[{"href":"https:\/\/fightbullying.info\/en\/wp-json\/wp\/v2\/pages\/1947","targetHints":{"allow":["GET"]}}],"collection":[{"href":"https:\/\/fightbullying.info\/en\/wp-json\/wp\/v2\/pages"}],"about":[{"href":"https:\/\/fightbullying.info\/en\/wp-json\/wp\/v2\/types\/page"}],"author":[{"embeddable":true,"href":"https:\/\/fightbullying.info\/en\/wp-json\/wp\/v2\/users\/1"}],"replies":[{"embeddable":true,"href":"https:\/\/fightbullying.info\/en\/wp-json\/wp\/v2\/comments?post=1947"}],"version-history":[{"count":19,"href":"https:\/\/fightbullying.info\/en\/wp-json\/wp\/v2\/pages\/1947\/revisions"}],"predecessor-version":[{"id":2056,"href":"https:\/\/fightbullying.info\/en\/wp-json\/wp\/v2\/pages\/1947\/revisions\/2056"}],"wp:attachment":[{"href":"https:\/\/fightbullying.info\/en\/wp-json\/wp\/v2\/media?parent=1947"}],"curies":[{"name":"wp","href":"https:\/\/api.w.org\/{rel}","templated":true}]}}