{"id":1926,"date":"2023-12-28T12:58:41","date_gmt":"2023-12-28T11:58:41","guid":{"rendered":"https:\/\/fightbullying.info\/?page_id=1926"},"modified":"2023-12-29T09:36:14","modified_gmt":"2023-12-29T08:36:14","slug":"bullying","status":"publish","type":"page","link":"https:\/\/fightbullying.info\/en\/bullying\/","title":{"rendered":"Bullying"},"content":{"rendered":"<div data-elementor-type=\"wp-page\" data-elementor-id=\"1926\" class=\"elementor elementor-1926\">\n\t\t\t\t\t\t<section class=\"elementor-section elementor-top-section elementor-element elementor-element-5598bc2 elementor-section-height-min-height elementor-section-boxed elementor-section-height-default elementor-section-items-middle\" data-id=\"5598bc2\" data-element_type=\"section\" data-e-type=\"section\" data-settings=\"{&quot;background_background&quot;:&quot;classic&quot;}\">\n\t\t\t\t\t\t<div class=\"elementor-container elementor-column-gap-default\">\n\t\t\t\t\t<div class=\"elementor-column elementor-col-100 elementor-top-column elementor-element elementor-element-9ce3904\" data-id=\"9ce3904\" data-element_type=\"column\" data-e-type=\"column\">\n\t\t\t<div class=\"elementor-widget-wrap elementor-element-populated\">\n\t\t\t\t\t\t<div class=\"elementor-element elementor-element-d4d0de3 elementor-widget elementor-widget-heading\" data-id=\"d4d0de3\" data-element_type=\"widget\" data-e-type=\"widget\" data-widget_type=\"heading.default\">\n\t\t\t\t<div class=\"elementor-widget-container\">\n\t\t\t\t\t<h2 class=\"elementor-heading-title elementor-size-default\">Bullying<\/h2>\t\t\t\t<\/div>\n\t\t\t\t<\/div>\n\t\t\t\t\t<\/div>\n\t\t<\/div>\n\t\t\t\t\t<\/div>\n\t\t<\/section>\n\t\t\t\t<section class=\"elementor-section elementor-top-section elementor-element elementor-element-4ea6ebf elementor-section-full_width elementor-section-content-top elementor-section-height-default elementor-section-height-default\" data-id=\"4ea6ebf\" data-element_type=\"section\" data-e-type=\"section\" id=\"bullying\">\n\t\t\t\t\t\t<div class=\"elementor-container elementor-column-gap-default\">\n\t\t\t\t\t<div class=\"elementor-column elementor-col-50 elementor-top-column elementor-element elementor-element-d7d6e71\" data-id=\"d7d6e71\" data-element_type=\"column\" data-e-type=\"column\">\n\t\t\t<div class=\"elementor-widget-wrap elementor-element-populated\">\n\t\t\t\t\t\t<div class=\"elementor-element elementor-element-79a271a elementor-invisible elementor-widget elementor-widget-image\" data-id=\"79a271a\" data-element_type=\"widget\" data-e-type=\"widget\" data-settings=\"{&quot;_animation&quot;:&quot;fadeIn&quot;}\" data-widget_type=\"image.default\">\n\t\t\t\t<div class=\"elementor-widget-container\">\n\t\t\t\t\t\t\t\t\t\t\t\t\t\t\t<img fetchpriority=\"high\" decoding=\"async\" width=\"309\" height=\"308\" src=\"https:\/\/fightbullying.info\/wp-content\/uploads\/2023\/08\/icono-2.png\" class=\"attachment-large size-large wp-image-85\" alt=\"\" srcset=\"https:\/\/fightbullying.info\/wp-content\/uploads\/2023\/08\/icono-2.png 309w, https:\/\/fightbullying.info\/wp-content\/uploads\/2023\/08\/icono-2-300x300.png 300w, https:\/\/fightbullying.info\/wp-content\/uploads\/2023\/08\/icono-2-150x150.png 150w, https:\/\/fightbullying.info\/wp-content\/uploads\/2023\/08\/icono-2-12x12.png 12w\" sizes=\"(max-width: 309px) 100vw, 309px\" \/>\t\t\t\t\t\t\t\t\t\t\t\t\t\t\t<\/div>\n\t\t\t\t<\/div>\n\t\t\t\t<div class=\"elementor-element elementor-element-06e2caa elementor-widget elementor-widget-heading\" data-id=\"06e2caa\" data-element_type=\"widget\" data-e-type=\"widget\" data-widget_type=\"heading.default\">\n\t\t\t\t<div class=\"elementor-widget-container\">\n\t\t\t\t\t<h2 class=\"elementor-heading-title elementor-size-default\">What is bullying?<\/h2>\t\t\t\t<\/div>\n\t\t\t\t<\/div>\n\t\t\t\t<div class=\"elementor-element elementor-element-5b55578 elementor-widget elementor-widget-text-editor\" data-id=\"5b55578\" data-element_type=\"widget\" data-e-type=\"widget\" data-widget_type=\"text-editor.default\">\n\t\t\t\t<div class=\"elementor-widget-container\">\n\t\t\t\t\t\t\t\t\tBullying is defined as repeated harassment or mistreatment of a person or group of people in order to intimidate, harm, humiliate or control the victim(s).\n<br><br>\nIt can be verbal bullying (insults, taunts, offensive nicknames), physical bullying (hitting, pushing, hurting), social bullying (rumours, exclusion) or cyberbullying (in digital environments and social networks).\t\t\t\t\t\t\t\t<\/div>\n\t\t\t\t<\/div>\n\t\t\t\t<div class=\"elementor-element elementor-element-e974dc9 elementor-hidden-desktop elementor-hidden-tablet elementor-hidden-mobile elementor-widget elementor-widget-heading\" data-id=\"e974dc9\" data-element_type=\"widget\" data-e-type=\"widget\" data-widget_type=\"heading.default\">\n\t\t\t\t<div class=\"elementor-widget-container\">\n\t\t\t\t\t<h2 class=\"elementor-heading-title elementor-size-default\">Hackathon objectives<\/h2>\t\t\t\t<\/div>\n\t\t\t\t<\/div>\n\t\t\t\t<div class=\"elementor-element elementor-element-f8a261a elementor-hidden-desktop elementor-hidden-tablet elementor-hidden-mobile elementor-widget elementor-widget-text-editor\" data-id=\"f8a261a\" data-element_type=\"widget\" data-e-type=\"widget\" data-widget_type=\"text-editor.default\">\n\t\t\t\t<div class=\"elementor-widget-container\">\n\t\t\t\t\t\t\t\t\t<p>To make available to the international school community an anti-bullying technological tool developed in Asturias.<\/p><p>Forming teams, advising them on the legal and technical aspects of bullying and guiding them to create a tool by young people for young people. We believe that this is the way to fight against bullying.<\/p>\t\t\t\t\t\t\t\t<\/div>\n\t\t\t\t<\/div>\n\t\t\t\t\t<\/div>\n\t\t<\/div>\n\t\t\t\t<div class=\"elementor-column elementor-col-50 elementor-top-column elementor-element elementor-element-974696a\" data-id=\"974696a\" data-element_type=\"column\" data-e-type=\"column\">\n\t\t\t<div class=\"elementor-widget-wrap elementor-element-populated\">\n\t\t\t\t\t\t<div class=\"elementor-element elementor-element-87112bf elementor-invisible elementor-widget elementor-widget-image\" data-id=\"87112bf\" data-element_type=\"widget\" data-e-type=\"widget\" data-settings=\"{&quot;_animation&quot;:&quot;fadeIn&quot;}\" data-widget_type=\"image.default\">\n\t\t\t\t<div class=\"elementor-widget-container\">\n\t\t\t\t\t\t\t\t\t\t\t\t\t\t\t<img decoding=\"async\" width=\"308\" height=\"308\" src=\"https:\/\/fightbullying.info\/wp-content\/uploads\/2023\/08\/icono1.png\" class=\"attachment-large size-large wp-image-86\" alt=\"\" srcset=\"https:\/\/fightbullying.info\/wp-content\/uploads\/2023\/08\/icono1.png 308w, https:\/\/fightbullying.info\/wp-content\/uploads\/2023\/08\/icono1-300x300.png 300w, https:\/\/fightbullying.info\/wp-content\/uploads\/2023\/08\/icono1-150x150.png 150w, https:\/\/fightbullying.info\/wp-content\/uploads\/2023\/08\/icono1-12x12.png 12w\" sizes=\"(max-width: 308px) 100vw, 308px\" \/>\t\t\t\t\t\t\t\t\t\t\t\t\t\t\t<\/div>\n\t\t\t\t<\/div>\n\t\t\t\t<div class=\"elementor-element elementor-element-386c47c elementor-widget elementor-widget-heading\" data-id=\"386c47c\" data-element_type=\"widget\" data-e-type=\"widget\" data-widget_type=\"heading.default\">\n\t\t\t\t<div class=\"elementor-widget-container\">\n\t\t\t\t\t<h2 class=\"elementor-heading-title elementor-size-default\">Symptoms and consequences<\/h2>\t\t\t\t<\/div>\n\t\t\t\t<\/div>\n\t\t\t\t<div class=\"elementor-element elementor-element-db8a630 elementor-widget elementor-widget-text-editor\" data-id=\"db8a630\" data-element_type=\"widget\" data-e-type=\"widget\" data-widget_type=\"text-editor.default\">\n\t\t\t\t<div class=\"elementor-widget-container\">\n\t\t\t\t\t\t\t\t\tWhat may seem like fun for the people who bully leads to mental health problems and discomfort for the bullied, which may even last over time.\n<br><br>\nCyberbullying is particularly serious because, even if it is of low intensity, it causes great pressure and emotional fatigue to those affected.\t\t\t\t\t\t\t\t<\/div>\n\t\t\t\t<\/div>\n\t\t\t\t\t<\/div>\n\t\t<\/div>\n\t\t\t\t\t<\/div>\n\t\t<\/section>\n\t\t\t\t<section class=\"elementor-section elementor-top-section elementor-element elementor-element-0f80c38 elementor-section-full_width elementor-section-height-default elementor-section-height-default\" data-id=\"0f80c38\" data-element_type=\"section\" data-e-type=\"section\" id=\"organizadores\">\n\t\t\t\t\t\t<div class=\"elementor-container elementor-column-gap-default\">\n\t\t\t\t\t<div class=\"elementor-column elementor-col-100 elementor-top-column elementor-element elementor-element-b602f9e\" data-id=\"b602f9e\" data-element_type=\"column\" data-e-type=\"column\">\n\t\t\t<div class=\"elementor-widget-wrap elementor-element-populated\">\n\t\t\t\t\t\t<div class=\"elementor-element elementor-element-1f9e370 elementor-widget elementor-widget-text-editor\" data-id=\"1f9e370\" data-element_type=\"widget\" data-e-type=\"widget\" data-widget_type=\"text-editor.default\">\n\t\t\t\t<div class=\"elementor-widget-container\">\n\t\t\t\t\t\t\t\t\tSponsored by:\t\t\t\t\t\t\t\t<\/div>\n\t\t\t\t<\/div>\n\t\t\t\t<section class=\"elementor-section elementor-inner-section elementor-element elementor-element-10aa43c elementor-section-boxed elementor-section-height-default elementor-section-height-default\" data-id=\"10aa43c\" data-element_type=\"section\" data-e-type=\"section\">\n\t\t\t\t\t\t<div class=\"elementor-container elementor-column-gap-default\">\n\t\t\t\t\t<div class=\"elementor-column elementor-col-16 elementor-inner-column elementor-element elementor-element-b6a14cd\" data-id=\"b6a14cd\" data-element_type=\"column\" data-e-type=\"column\">\n\t\t\t<div class=\"elementor-widget-wrap elementor-element-populated\">\n\t\t\t\t\t\t<div class=\"elementor-element elementor-element-1de82d7 elementor-widget elementor-widget-image\" data-id=\"1de82d7\" data-element_type=\"widget\" data-e-type=\"widget\" data-widget_type=\"image.default\">\n\t\t\t\t<div class=\"elementor-widget-container\">\n\t\t\t\t\t\t\t\t\t\t\t\t\t\t\t\t<a href=\"https:\/\/www.huawei.com\/es\/\" target=\"_blank\" rel=\"noopener\">\n\t\t\t\t\t\t\t<img decoding=\"async\" width=\"300\" height=\"300\" src=\"https:\/\/fightbullying.info\/wp-content\/uploads\/2023\/09\/logo-huawei-negro.png\" class=\"attachment-large size-large wp-image-294\" alt=\"logo huawei\" srcset=\"https:\/\/fightbullying.info\/wp-content\/uploads\/2023\/09\/logo-huawei-negro.png 300w, https:\/\/fightbullying.info\/wp-content\/uploads\/2023\/09\/logo-huawei-negro-150x150.png 150w, https:\/\/fightbullying.info\/wp-content\/uploads\/2023\/09\/logo-huawei-negro-12x12.png 12w\" sizes=\"(max-width: 300px) 100vw, 300px\" \/>\t\t\t\t\t\t\t\t<\/a>\n\t\t\t\t\t\t\t\t\t\t\t\t\t\t\t<\/div>\n\t\t\t\t<\/div>\n\t\t\t\t\t<\/div>\n\t\t<\/div>\n\t\t\t\t<div class=\"elementor-column elementor-col-16 elementor-inner-column elementor-element elementor-element-085ac94\" data-id=\"085ac94\" data-element_type=\"column\" data-e-type=\"column\">\n\t\t\t<div class=\"elementor-widget-wrap elementor-element-populated\">\n\t\t\t\t\t\t<div class=\"elementor-element elementor-element-a70d416 elementor-widget elementor-widget-image\" data-id=\"a70d416\" data-element_type=\"widget\" data-e-type=\"widget\" data-widget_type=\"image.default\">\n\t\t\t\t<div class=\"elementor-widget-container\">\n\t\t\t\t\t\t\t\t\t\t\t\t\t\t\t\t<a href=\"https:\/\/www.i4life.es\/\" target=\"_blank\" rel=\"noopener\">\n\t\t\t\t\t\t\t<img loading=\"lazy\" decoding=\"async\" width=\"1016\" height=\"300\" src=\"https:\/\/fightbullying.info\/wp-content\/uploads\/2023\/09\/logo-i4life-negro.png\" class=\"attachment-large size-large wp-image-296\" alt=\"logo i4life\" srcset=\"https:\/\/fightbullying.info\/wp-content\/uploads\/2023\/09\/logo-i4life-negro.png 1016w, https:\/\/fightbullying.info\/wp-content\/uploads\/2023\/09\/logo-i4life-negro-300x89.png 300w, https:\/\/fightbullying.info\/wp-content\/uploads\/2023\/09\/logo-i4life-negro-768x227.png 768w, https:\/\/fightbullying.info\/wp-content\/uploads\/2023\/09\/logo-i4life-negro-18x5.png 18w\" sizes=\"(max-width: 1016px) 100vw, 1016px\" \/>\t\t\t\t\t\t\t\t<\/a>\n\t\t\t\t\t\t\t\t\t\t\t\t\t\t\t<\/div>\n\t\t\t\t<\/div>\n\t\t\t\t\t<\/div>\n\t\t<\/div>\n\t\t\t\t<div class=\"elementor-column elementor-col-16 elementor-inner-column elementor-element elementor-element-25370d1\" data-id=\"25370d1\" data-element_type=\"column\" data-e-type=\"column\">\n\t\t\t<div class=\"elementor-widget-wrap elementor-element-populated\">\n\t\t\t\t\t\t<div class=\"elementor-element elementor-element-c218888 elementor-widget elementor-widget-image\" data-id=\"c218888\" data-element_type=\"widget\" data-e-type=\"widget\" data-widget_type=\"image.default\">\n\t\t\t\t<div class=\"elementor-widget-container\">\n\t\t\t\t\t\t\t\t\t\t\t\t\t\t\t\t<a href=\"https:\/\/www.clustertic.net\/\" target=\"_blank\" rel=\"noopener\">\n\t\t\t\t\t\t\t<img loading=\"lazy\" decoding=\"async\" width=\"774\" height=\"300\" src=\"https:\/\/fightbullying.info\/wp-content\/uploads\/2023\/09\/clustertic-logo-negro.png\" class=\"attachment-large size-large wp-image-292\" alt=\"logo clustertic\" srcset=\"https:\/\/fightbullying.info\/wp-content\/uploads\/2023\/09\/clustertic-logo-negro.png 774w, https:\/\/fightbullying.info\/wp-content\/uploads\/2023\/09\/clustertic-logo-negro-300x116.png 300w, https:\/\/fightbullying.info\/wp-content\/uploads\/2023\/09\/clustertic-logo-negro-768x298.png 768w, https:\/\/fightbullying.info\/wp-content\/uploads\/2023\/09\/clustertic-logo-negro-18x7.png 18w\" sizes=\"(max-width: 774px) 100vw, 774px\" \/>\t\t\t\t\t\t\t\t<\/a>\n\t\t\t\t\t\t\t\t\t\t\t\t\t\t\t<\/div>\n\t\t\t\t<\/div>\n\t\t\t\t\t<\/div>\n\t\t<\/div>\n\t\t\t\t<div class=\"elementor-column elementor-col-16 elementor-inner-column elementor-element elementor-element-81f92f4\" data-id=\"81f92f4\" data-element_type=\"column\" data-e-type=\"column\">\n\t\t\t<div class=\"elementor-widget-wrap elementor-element-populated\">\n\t\t\t\t\t\t<div class=\"elementor-element elementor-element-6f94a50 elementor-widget elementor-widget-image\" data-id=\"6f94a50\" data-element_type=\"widget\" data-e-type=\"widget\" data-widget_type=\"image.default\">\n\t\t\t\t<div class=\"elementor-widget-container\">\n\t\t\t\t\t\t\t\t\t\t\t\t\t\t\t<img loading=\"lazy\" decoding=\"async\" width=\"640\" height=\"461\" src=\"https:\/\/fightbullying.info\/wp-content\/uploads\/2023\/09\/Castellano-vertical-blanco-ciencia-innovacion-universidad-Negro.png\" class=\"attachment-large size-large wp-image-926\" alt=\"\" srcset=\"https:\/\/fightbullying.info\/wp-content\/uploads\/2023\/09\/Castellano-vertical-blanco-ciencia-innovacion-universidad-Negro.png 640w, https:\/\/fightbullying.info\/wp-content\/uploads\/2023\/09\/Castellano-vertical-blanco-ciencia-innovacion-universidad-Negro-300x216.png 300w, https:\/\/fightbullying.info\/wp-content\/uploads\/2023\/09\/Castellano-vertical-blanco-ciencia-innovacion-universidad-Negro-18x12.png 18w\" sizes=\"(max-width: 640px) 100vw, 640px\" \/>\t\t\t\t\t\t\t\t\t\t\t\t\t\t\t<\/div>\n\t\t\t\t<\/div>\n\t\t\t\t\t<\/div>\n\t\t<\/div>\n\t\t\t\t<div class=\"elementor-column elementor-col-16 elementor-inner-column elementor-element elementor-element-bd68173\" data-id=\"bd68173\" data-element_type=\"column\" data-e-type=\"column\">\n\t\t\t<div class=\"elementor-widget-wrap elementor-element-populated\">\n\t\t\t\t\t\t<div class=\"elementor-element elementor-element-2abb2fb elementor-widget elementor-widget-image\" data-id=\"2abb2fb\" data-element_type=\"widget\" data-e-type=\"widget\" data-widget_type=\"image.default\">\n\t\t\t\t<div class=\"elementor-widget-container\">\n\t\t\t\t\t\t\t\t\t\t\t\t\t\t\t<img loading=\"lazy\" decoding=\"async\" width=\"300\" height=\"215\" src=\"https:\/\/fightbullying.info\/wp-content\/uploads\/2023\/09\/IAsturias-negro.png\" class=\"attachment-large size-large wp-image-992\" alt=\"\" srcset=\"https:\/\/fightbullying.info\/wp-content\/uploads\/2023\/09\/IAsturias-negro.png 300w, https:\/\/fightbullying.info\/wp-content\/uploads\/2023\/09\/IAsturias-negro-18x12.png 18w\" sizes=\"(max-width: 300px) 100vw, 300px\" \/>\t\t\t\t\t\t\t\t\t\t\t\t\t\t\t<\/div>\n\t\t\t\t<\/div>\n\t\t\t\t\t<\/div>\n\t\t<\/div>\n\t\t\t\t<div class=\"elementor-column elementor-col-16 elementor-inner-column elementor-element elementor-element-29c10c3\" data-id=\"29c10c3\" data-element_type=\"column\" data-e-type=\"column\">\n\t\t\t<div class=\"elementor-widget-wrap elementor-element-populated\">\n\t\t\t\t\t\t<div class=\"elementor-element elementor-element-e7009fe elementor-widget elementor-widget-image\" data-id=\"e7009fe\" data-element_type=\"widget\" data-e-type=\"widget\" data-widget_type=\"image.default\">\n\t\t\t\t<div class=\"elementor-widget-container\">\n\t\t\t\t\t\t\t\t\t\t\t\t\t\t\t<img loading=\"lazy\" decoding=\"async\" width=\"356\" height=\"113\" src=\"https:\/\/fightbullying.info\/wp-content\/uploads\/2023\/09\/logo-impulsa-negro.png\" class=\"attachment-large size-large wp-image-975\" alt=\"logo impulsa\" srcset=\"https:\/\/fightbullying.info\/wp-content\/uploads\/2023\/09\/logo-impulsa-negro.png 356w, https:\/\/fightbullying.info\/wp-content\/uploads\/2023\/09\/logo-impulsa-negro-300x95.png 300w, https:\/\/fightbullying.info\/wp-content\/uploads\/2023\/09\/logo-impulsa-negro-18x6.png 18w\" sizes=\"(max-width: 356px) 100vw, 356px\" \/>\t\t\t\t\t\t\t\t\t\t\t\t\t\t\t<\/div>\n\t\t\t\t<\/div>\n\t\t\t\t\t<\/div>\n\t\t<\/div>\n\t\t\t\t\t<\/div>\n\t\t<\/section>\n\t\t\t\t\t<\/div>\n\t\t<\/div>\n\t\t\t\t\t<\/div>\n\t\t<\/section>\n\t\t\t\t<\/div>","protected":false},"excerpt":{"rendered":"<p>Bullying \u00bfQu\u00e9 es el bullying? Se entiende por bullying el acoso o maltrato repetido que se ejerce sobre una persona o grupo de personas para intimidar, da\u00f1ar, humillar o controlar a la\/s v\u00edctima\/s. Puede ser acoso verbal (insultos, burlas, apodos ofensivos), f\u00edsico (golpes, empujones, da\u00f1os), social (rumores, exclusi\u00f3n) o ciberbullying (en entornos digitales y redes [&hellip;]<\/p>\n","protected":false},"author":1,"featured_media":0,"parent":0,"menu_order":0,"comment_status":"closed","ping_status":"closed","template":"","meta":{"site-sidebar-layout":"no-sidebar","site-content-layout":"plain-container","ast-site-content-layout":"full-width-container","site-content-style":"default","site-sidebar-style":"default","ast-global-header-display":"","ast-banner-title-visibility":"","ast-main-header-display":"","ast-hfb-above-header-display":"","ast-hfb-below-header-display":"","ast-hfb-mobile-header-display":"","site-post-title":"disabled","ast-breadcrumbs-content":"","ast-featured-img":"disabled","footer-sml-layout":"","ast-disable-related-posts":"","theme-transparent-header-meta":"enabled","adv-header-id-meta":"","stick-header-meta":"","header-above-stick-meta":"","header-main-stick-meta":"","header-below-stick-meta":"","astra-migrate-meta-layouts":"default","ast-page-background-enabled":"default","ast-page-background-meta":{"desktop":{"background-color":"var(--ast-global-color-4)","background-image":"","background-repeat":"repeat","background-position":"center center","background-size":"auto","background-attachment":"scroll","background-type":"","background-media":"","overlay-type":"","overlay-color":"","overlay-opacity":"","overlay-gradient":""},"tablet":{"background-color":"","background-image":"","background-repeat":"repeat","background-position":"center center","background-size":"auto","background-attachment":"scroll","background-type":"","background-media":"","overlay-type":"","overlay-color":"","overlay-opacity":"","overlay-gradient":""},"mobile":{"background-color":"","background-image":"","background-repeat":"repeat","background-position":"center center","background-size":"auto","background-attachment":"scroll","background-type":"","background-media":"","overlay-type":"","overlay-color":"","overlay-opacity":"","overlay-gradient":""}},"ast-content-background-meta":{"desktop":{"background-color":"var(--ast-global-color-5)","background-image":"","background-repeat":"repeat","background-position":"center center","background-size":"auto","background-attachment":"scroll","background-type":"","background-media":"","overlay-type":"","overlay-color":"","overlay-opacity":"","overlay-gradient":""},"tablet":{"background-color":"var(--ast-global-color-5)","background-image":"","background-repeat":"repeat","background-position":"center center","background-size":"auto","background-attachment":"scroll","background-type":"","background-media":"","overlay-type":"","overlay-color":"","overlay-opacity":"","overlay-gradient":""},"mobile":{"background-color":"var(--ast-global-color-5)","background-image":"","background-repeat":"repeat","background-position":"center center","background-size":"auto","background-attachment":"scroll","background-type":"","background-media":"","overlay-type":"","overlay-color":"","overlay-opacity":"","overlay-gradient":""}},"footnotes":""},"class_list":["post-1926","page","type-page","status-publish","hentry"],"_links":{"self":[{"href":"https:\/\/fightbullying.info\/en\/wp-json\/wp\/v2\/pages\/1926","targetHints":{"allow":["GET"]}}],"collection":[{"href":"https:\/\/fightbullying.info\/en\/wp-json\/wp\/v2\/pages"}],"about":[{"href":"https:\/\/fightbullying.info\/en\/wp-json\/wp\/v2\/types\/page"}],"author":[{"embeddable":true,"href":"https:\/\/fightbullying.info\/en\/wp-json\/wp\/v2\/users\/1"}],"replies":[{"embeddable":true,"href":"https:\/\/fightbullying.info\/en\/wp-json\/wp\/v2\/comments?post=1926"}],"version-history":[{"count":16,"href":"https:\/\/fightbullying.info\/en\/wp-json\/wp\/v2\/pages\/1926\/revisions"}],"predecessor-version":[{"id":2050,"href":"https:\/\/fightbullying.info\/en\/wp-json\/wp\/v2\/pages\/1926\/revisions\/2050"}],"wp:attachment":[{"href":"https:\/\/fightbullying.info\/en\/wp-json\/wp\/v2\/media?parent=1926"}],"curies":[{"name":"wp","href":"https:\/\/api.w.org\/{rel}","templated":true}]}}