{"id":1712,"date":"2023-12-20T11:36:54","date_gmt":"2023-12-20T10:36:54","guid":{"rendered":"https:\/\/fightbullying.info\/?page_id=1712"},"modified":"2023-12-21T11:15:38","modified_gmt":"2023-12-21T10:15:38","slug":"presentacion-en-paris","status":"publish","type":"page","link":"https:\/\/fightbullying.info\/en\/presentacion-en-paris\/","title":{"rendered":"Presentation in Paris"},"content":{"rendered":"<div data-elementor-type=\"wp-page\" data-elementor-id=\"1712\" class=\"elementor elementor-1712\">\n\t\t\t\t\t\t<section class=\"elementor-section elementor-top-section elementor-element elementor-element-ca892d7 elementor-section-height-min-height elementor-hidden-desktop elementor-section-boxed elementor-section-height-default elementor-section-items-middle\" data-id=\"ca892d7\" data-element_type=\"section\" data-e-type=\"section\" data-settings=\"{&quot;background_background&quot;:&quot;classic&quot;}\">\n\t\t\t\t\t\t<div class=\"elementor-container elementor-column-gap-default\">\n\t\t\t\t\t<div class=\"elementor-column elementor-col-100 elementor-top-column elementor-element elementor-element-06711ac\" data-id=\"06711ac\" data-element_type=\"column\" data-e-type=\"column\">\n\t\t\t<div class=\"elementor-widget-wrap\">\n\t\t\t\t\t\t\t<\/div>\n\t\t<\/div>\n\t\t\t\t\t<\/div>\n\t\t<\/section>\n\t\t\t\t<section class=\"elementor-section elementor-top-section elementor-element elementor-element-dd755a3 elementor-section-boxed elementor-section-height-default elementor-section-height-default\" data-id=\"dd755a3\" data-element_type=\"section\" data-e-type=\"section\">\n\t\t\t\t\t\t<div class=\"elementor-container elementor-column-gap-default\">\n\t\t\t\t\t<div class=\"elementor-column elementor-col-50 elementor-top-column elementor-element elementor-element-d6820b5\" data-id=\"d6820b5\" data-element_type=\"column\" data-e-type=\"column\">\n\t\t\t<div class=\"elementor-widget-wrap elementor-element-populated\">\n\t\t\t\t\t\t<div class=\"elementor-element elementor-element-67cd84d elementor-widget elementor-widget-image\" data-id=\"67cd84d\" data-element_type=\"widget\" data-e-type=\"widget\" data-widget_type=\"image.default\">\n\t\t\t\t<div class=\"elementor-widget-container\">\n\t\t\t\t\t\t\t\t\t\t\t\t\t\t\t<img fetchpriority=\"high\" decoding=\"async\" width=\"1024\" height=\"768\" src=\"https:\/\/fightbullying.info\/wp-content\/uploads\/2023\/12\/grupo-1024x768.jpg\" class=\"attachment-large size-large wp-image-1714\" alt=\"Little Guardian\" srcset=\"https:\/\/fightbullying.info\/wp-content\/uploads\/2023\/12\/grupo-1024x768.jpg 1024w, https:\/\/fightbullying.info\/wp-content\/uploads\/2023\/12\/grupo-300x225.jpg 300w, https:\/\/fightbullying.info\/wp-content\/uploads\/2023\/12\/grupo-768x576.jpg 768w, https:\/\/fightbullying.info\/wp-content\/uploads\/2023\/12\/grupo-1536x1152.jpg 1536w, https:\/\/fightbullying.info\/wp-content\/uploads\/2023\/12\/grupo-16x12.jpg 16w, https:\/\/fightbullying.info\/wp-content\/uploads\/2023\/12\/grupo.jpg 2048w\" sizes=\"(max-width: 1024px) 100vw, 1024px\" \/>\t\t\t\t\t\t\t\t\t\t\t\t\t\t\t<\/div>\n\t\t\t\t<\/div>\n\t\t\t\t\t<\/div>\n\t\t<\/div>\n\t\t\t\t<div class=\"elementor-column elementor-col-50 elementor-top-column elementor-element elementor-element-599e49d\" data-id=\"599e49d\" data-element_type=\"column\" data-e-type=\"column\">\n\t\t\t<div class=\"elementor-widget-wrap elementor-element-populated\">\n\t\t\t\t\t\t<div class=\"elementor-element elementor-element-3a65580 elementor-widget elementor-widget-heading\" data-id=\"3a65580\" data-element_type=\"widget\" data-e-type=\"widget\" data-widget_type=\"heading.default\">\n\t\t\t\t<div class=\"elementor-widget-container\">\n\t\t\t\t\t<h2 class=\"elementor-heading-title elementor-size-default\">Presentation in Paris<\/h2>\t\t\t\t<\/div>\n\t\t\t\t<\/div>\n\t\t\t\t<div class=\"elementor-element elementor-element-c37f954 elementor-widget elementor-widget-text-editor\" data-id=\"c37f954\" data-element_type=\"widget\" data-e-type=\"widget\" data-widget_type=\"text-editor.default\">\n\t\t\t\t<div class=\"elementor-widget-container\">\n\t\t\t\t\t\t\t\t\t<p>Photographs of the international event held in Paris from 6 to 8 December.<\/p><p>\"Little Guardian\" was presented to all those attending the event and was very well received.<\/p>\t\t\t\t\t\t\t\t<\/div>\n\t\t\t\t<\/div>\n\t\t\t\t\t<\/div>\n\t\t<\/div>\n\t\t\t\t\t<\/div>\n\t\t<\/section>\n\t\t\t\t<section class=\"elementor-section elementor-top-section elementor-element elementor-element-b9d6883 elementor-section-boxed elementor-section-height-default elementor-section-height-default\" data-id=\"b9d6883\" data-element_type=\"section\" data-e-type=\"section\">\n\t\t\t\t\t\t<div class=\"elementor-container elementor-column-gap-default\">\n\t\t\t\t\t<div class=\"elementor-column elementor-col-25 elementor-top-column elementor-element elementor-element-c406c43\" data-id=\"c406c43\" data-element_type=\"column\" data-e-type=\"column\">\n\t\t\t<div class=\"elementor-widget-wrap elementor-element-populated\">\n\t\t\t\t\t\t<div class=\"elementor-element elementor-element-a10373b elementor-widget elementor-widget-image\" data-id=\"a10373b\" data-element_type=\"widget\" data-e-type=\"widget\" data-widget_type=\"image.default\">\n\t\t\t\t<div class=\"elementor-widget-container\">\n\t\t\t\t\t\t\t\t\t\t\t\t\t\t\t<img decoding=\"async\" width=\"640\" height=\"480\" src=\"https:\/\/fightbullying.info\/wp-content\/uploads\/2023\/12\/IMG_20231207_144754.jpeg\" class=\"attachment-large size-large wp-image-1708\" alt=\"Evento en Par\u00eds\" srcset=\"https:\/\/fightbullying.info\/wp-content\/uploads\/2023\/12\/IMG_20231207_144754.jpeg 640w, https:\/\/fightbullying.info\/wp-content\/uploads\/2023\/12\/IMG_20231207_144754-300x225.jpeg 300w, https:\/\/fightbullying.info\/wp-content\/uploads\/2023\/12\/IMG_20231207_144754-16x12.jpeg 16w\" sizes=\"(max-width: 640px) 100vw, 640px\" \/>\t\t\t\t\t\t\t\t\t\t\t\t\t\t\t<\/div>\n\t\t\t\t<\/div>\n\t\t\t\t\t<\/div>\n\t\t<\/div>\n\t\t\t\t<div class=\"elementor-column elementor-col-25 elementor-top-column elementor-element elementor-element-918a81e\" data-id=\"918a81e\" data-element_type=\"column\" data-e-type=\"column\">\n\t\t\t<div class=\"elementor-widget-wrap elementor-element-populated\">\n\t\t\t\t\t\t<div class=\"elementor-element elementor-element-e5e8b3a elementor-widget elementor-widget-image\" data-id=\"e5e8b3a\" data-element_type=\"widget\" data-e-type=\"widget\" data-widget_type=\"image.default\">\n\t\t\t\t<div class=\"elementor-widget-container\">\n\t\t\t\t\t\t\t\t\t\t\t\t\t\t\t<img decoding=\"async\" width=\"640\" height=\"480\" src=\"https:\/\/fightbullying.info\/wp-content\/uploads\/2023\/12\/IMG_20231207_144650.jpeg\" class=\"attachment-large size-large wp-image-1707\" alt=\"Evento en Par\u00eds\" srcset=\"https:\/\/fightbullying.info\/wp-content\/uploads\/2023\/12\/IMG_20231207_144650.jpeg 640w, https:\/\/fightbullying.info\/wp-content\/uploads\/2023\/12\/IMG_20231207_144650-300x225.jpeg 300w, https:\/\/fightbullying.info\/wp-content\/uploads\/2023\/12\/IMG_20231207_144650-16x12.jpeg 16w\" sizes=\"(max-width: 640px) 100vw, 640px\" \/>\t\t\t\t\t\t\t\t\t\t\t\t\t\t\t<\/div>\n\t\t\t\t<\/div>\n\t\t\t\t\t<\/div>\n\t\t<\/div>\n\t\t\t\t<div class=\"elementor-column elementor-col-25 elementor-top-column elementor-element elementor-element-b318918\" data-id=\"b318918\" data-element_type=\"column\" data-e-type=\"column\">\n\t\t\t<div class=\"elementor-widget-wrap elementor-element-populated\">\n\t\t\t\t\t\t<div class=\"elementor-element elementor-element-c71b072 elementor-widget elementor-widget-image\" data-id=\"c71b072\" data-element_type=\"widget\" data-e-type=\"widget\" data-widget_type=\"image.default\">\n\t\t\t\t<div class=\"elementor-widget-container\">\n\t\t\t\t\t\t\t\t\t\t\t\t\t\t\t<img loading=\"lazy\" decoding=\"async\" width=\"640\" height=\"480\" src=\"https:\/\/fightbullying.info\/wp-content\/uploads\/2023\/12\/IMG_20231207_144007.jpeg\" class=\"attachment-large size-large wp-image-1706\" alt=\"Evento en Par\u00eds\" srcset=\"https:\/\/fightbullying.info\/wp-content\/uploads\/2023\/12\/IMG_20231207_144007.jpeg 640w, https:\/\/fightbullying.info\/wp-content\/uploads\/2023\/12\/IMG_20231207_144007-300x225.jpeg 300w, https:\/\/fightbullying.info\/wp-content\/uploads\/2023\/12\/IMG_20231207_144007-16x12.jpeg 16w\" sizes=\"(max-width: 640px) 100vw, 640px\" \/>\t\t\t\t\t\t\t\t\t\t\t\t\t\t\t<\/div>\n\t\t\t\t<\/div>\n\t\t\t\t\t<\/div>\n\t\t<\/div>\n\t\t\t\t<div class=\"elementor-column elementor-col-25 elementor-top-column elementor-element elementor-element-25e97ca\" data-id=\"25e97ca\" data-element_type=\"column\" data-e-type=\"column\">\n\t\t\t<div class=\"elementor-widget-wrap elementor-element-populated\">\n\t\t\t\t\t\t<div class=\"elementor-element elementor-element-6980c71 elementor-widget elementor-widget-image\" data-id=\"6980c71\" data-element_type=\"widget\" data-e-type=\"widget\" data-widget_type=\"image.default\">\n\t\t\t\t<div class=\"elementor-widget-container\">\n\t\t\t\t\t\t\t\t\t\t\t\t\t\t\t<img loading=\"lazy\" decoding=\"async\" width=\"640\" height=\"480\" src=\"https:\/\/fightbullying.info\/wp-content\/uploads\/2023\/12\/IMG_20231207_144000.jpeg\" class=\"attachment-large size-large wp-image-1705\" alt=\"Evento en Par\u00eds\" srcset=\"https:\/\/fightbullying.info\/wp-content\/uploads\/2023\/12\/IMG_20231207_144000.jpeg 640w, https:\/\/fightbullying.info\/wp-content\/uploads\/2023\/12\/IMG_20231207_144000-300x225.jpeg 300w, https:\/\/fightbullying.info\/wp-content\/uploads\/2023\/12\/IMG_20231207_144000-16x12.jpeg 16w\" sizes=\"(max-width: 640px) 100vw, 640px\" \/>\t\t\t\t\t\t\t\t\t\t\t\t\t\t\t<\/div>\n\t\t\t\t<\/div>\n\t\t\t\t\t<\/div>\n\t\t<\/div>\n\t\t\t\t\t<\/div>\n\t\t<\/section>\n\t\t\t\t<\/div>","protected":false},"excerpt":{"rendered":"<p>Presentaci\u00f3n en Par\u00eds Fotograf\u00edas del evento internacional celebrado en Par\u00eds del 6 al 8 de Diciembre \u00abLittle Guardian\u00bb se present\u00f3 ante todos los asistentes al evento teniendo una gran acogida.<\/p>","protected":false},"author":1,"featured_media":0,"parent":0,"menu_order":0,"comment_status":"closed","ping_status":"closed","template":"","meta":{"site-sidebar-layout":"no-sidebar","site-content-layout":"","ast-site-content-layout":"full-width-container","site-content-style":"default","site-sidebar-style":"default","ast-global-header-display":"","ast-banner-title-visibility":"","ast-main-header-display":"","ast-hfb-above-header-display":"","ast-hfb-below-header-display":"","ast-hfb-mobile-header-display":"","site-post-title":"disabled","ast-breadcrumbs-content":"","ast-featured-img":"disabled","footer-sml-layout":"","ast-disable-related-posts":"","theme-transparent-header-meta":"","adv-header-id-meta":"","stick-header-meta":"","header-above-stick-meta":"","header-main-stick-meta":"","header-below-stick-meta":"","astra-migrate-meta-layouts":"default","ast-page-background-enabled":"default","ast-page-background-meta":{"desktop":{"background-color":"var(--ast-global-color-4)","background-image":"","background-repeat":"repeat","background-position":"center center","background-size":"auto","background-attachment":"scroll","background-type":"","background-media":"","overlay-type":"","overlay-color":"","overlay-opacity":"","overlay-gradient":""},"tablet":{"background-color":"","background-image":"","background-repeat":"repeat","background-position":"center center","background-size":"auto","background-attachment":"scroll","background-type":"","background-media":"","overlay-type":"","overlay-color":"","overlay-opacity":"","overlay-gradient":""},"mobile":{"background-color":"","background-image":"","background-repeat":"repeat","background-position":"center center","background-size":"auto","background-attachment":"scroll","background-type":"","background-media":"","overlay-type":"","overlay-color":"","overlay-opacity":"","overlay-gradient":""}},"ast-content-background-meta":{"desktop":{"background-color":"var(--ast-global-color-5)","background-image":"","background-repeat":"repeat","background-position":"center center","background-size":"auto","background-attachment":"scroll","background-type":"","background-media":"","overlay-type":"","overlay-color":"","overlay-opacity":"","overlay-gradient":""},"tablet":{"background-color":"var(--ast-global-color-5)","background-image":"","background-repeat":"repeat","background-position":"center center","background-size":"auto","background-attachment":"scroll","background-type":"","background-media":"","overlay-type":"","overlay-color":"","overlay-opacity":"","overlay-gradient":""},"mobile":{"background-color":"var(--ast-global-color-5)","background-image":"","background-repeat":"repeat","background-position":"center center","background-size":"auto","background-attachment":"scroll","background-type":"","background-media":"","overlay-type":"","overlay-color":"","overlay-opacity":"","overlay-gradient":""}},"footnotes":""},"class_list":["post-1712","page","type-page","status-publish","hentry"],"_links":{"self":[{"href":"https:\/\/fightbullying.info\/en\/wp-json\/wp\/v2\/pages\/1712","targetHints":{"allow":["GET"]}}],"collection":[{"href":"https:\/\/fightbullying.info\/en\/wp-json\/wp\/v2\/pages"}],"about":[{"href":"https:\/\/fightbullying.info\/en\/wp-json\/wp\/v2\/types\/page"}],"author":[{"embeddable":true,"href":"https:\/\/fightbullying.info\/en\/wp-json\/wp\/v2\/users\/1"}],"replies":[{"embeddable":true,"href":"https:\/\/fightbullying.info\/en\/wp-json\/wp\/v2\/comments?post=1712"}],"version-history":[{"count":13,"href":"https:\/\/fightbullying.info\/en\/wp-json\/wp\/v2\/pages\/1712\/revisions"}],"predecessor-version":[{"id":1873,"href":"https:\/\/fightbullying.info\/en\/wp-json\/wp\/v2\/pages\/1712\/revisions\/1873"}],"wp:attachment":[{"href":"https:\/\/fightbullying.info\/en\/wp-json\/wp\/v2\/media?parent=1712"}],"curies":[{"name":"wp","href":"https:\/\/api.w.org\/{rel}","templated":true}]}}