{"id":1506,"date":"2023-10-16T15:33:32","date_gmt":"2023-10-16T13:33:32","guid":{"rendered":"https:\/\/fightbullying.info\/?page_id=1506"},"modified":"2023-12-21T11:16:27","modified_gmt":"2023-12-21T10:16:27","slug":"sesion-6-de-octubre","status":"publish","type":"page","link":"https:\/\/fightbullying.info\/en\/sesion-6-de-octubre\/","title":{"rendered":"Sesi\u00f3n 6 de Octubre"},"content":{"rendered":"<div data-elementor-type=\"wp-page\" data-elementor-id=\"1506\" class=\"elementor elementor-1506\">\n\t\t\t\t\t\t<section class=\"elementor-section elementor-top-section elementor-element elementor-element-30bcc2f elementor-section-height-min-height elementor-hidden-desktop elementor-section-boxed elementor-section-height-default elementor-section-items-middle\" data-id=\"30bcc2f\" data-element_type=\"section\" data-e-type=\"section\" data-settings=\"{&quot;background_background&quot;:&quot;classic&quot;}\">\n\t\t\t\t\t\t<div class=\"elementor-container elementor-column-gap-default\">\n\t\t\t\t\t<div class=\"elementor-column elementor-col-100 elementor-top-column elementor-element elementor-element-39adeda\" data-id=\"39adeda\" data-element_type=\"column\" data-e-type=\"column\">\n\t\t\t<div class=\"elementor-widget-wrap\">\n\t\t\t\t\t\t\t<\/div>\n\t\t<\/div>\n\t\t\t\t\t<\/div>\n\t\t<\/section>\n\t\t\t\t<section class=\"elementor-section elementor-top-section elementor-element elementor-element-f926c67 elementor-section-boxed elementor-section-height-default elementor-section-height-default\" data-id=\"f926c67\" data-element_type=\"section\" data-e-type=\"section\">\n\t\t\t\t\t\t<div class=\"elementor-container elementor-column-gap-default\">\n\t\t\t\t\t<div class=\"elementor-column elementor-col-50 elementor-top-column elementor-element elementor-element-999cce3\" data-id=\"999cce3\" data-element_type=\"column\" data-e-type=\"column\">\n\t\t\t<div class=\"elementor-widget-wrap elementor-element-populated\">\n\t\t\t\t\t\t<div class=\"elementor-element elementor-element-3143982 elementor-widget elementor-widget-image\" data-id=\"3143982\" data-element_type=\"widget\" data-e-type=\"widget\" data-widget_type=\"image.default\">\n\t\t\t\t<div class=\"elementor-widget-container\">\n\t\t\t\t\t\t\t\t\t\t\t\t\t\t\t<img fetchpriority=\"high\" decoding=\"async\" width=\"1024\" height=\"683\" src=\"https:\/\/fightbullying.info\/wp-content\/uploads\/2023\/10\/DSC04795-1024x683.jpg\" class=\"attachment-large size-large wp-image-1500\" alt=\"\" srcset=\"https:\/\/fightbullying.info\/wp-content\/uploads\/2023\/10\/DSC04795-1024x683.jpg 1024w, https:\/\/fightbullying.info\/wp-content\/uploads\/2023\/10\/DSC04795-300x200.jpg 300w, https:\/\/fightbullying.info\/wp-content\/uploads\/2023\/10\/DSC04795-768x512.jpg 768w, https:\/\/fightbullying.info\/wp-content\/uploads\/2023\/10\/DSC04795-18x12.jpg 18w, https:\/\/fightbullying.info\/wp-content\/uploads\/2023\/10\/DSC04795.jpg 1028w\" sizes=\"(max-width: 1024px) 100vw, 1024px\" \/>\t\t\t\t\t\t\t\t\t\t\t\t\t\t\t<\/div>\n\t\t\t\t<\/div>\n\t\t\t\t\t<\/div>\n\t\t<\/div>\n\t\t\t\t<div class=\"elementor-column elementor-col-50 elementor-top-column elementor-element elementor-element-0aa3916\" data-id=\"0aa3916\" data-element_type=\"column\" data-e-type=\"column\">\n\t\t\t<div class=\"elementor-widget-wrap elementor-element-populated\">\n\t\t\t\t\t\t<div class=\"elementor-element elementor-element-02a1bec elementor-widget elementor-widget-heading\" data-id=\"02a1bec\" data-element_type=\"widget\" data-e-type=\"widget\" data-widget_type=\"heading.default\">\n\t\t\t\t<div class=\"elementor-widget-container\">\n\t\t\t\t\t<h2 class=\"elementor-heading-title elementor-size-default\">Third session<\/h2>\t\t\t\t<\/div>\n\t\t\t\t<\/div>\n\t\t\t\t<div class=\"elementor-element elementor-element-78dfd80 elementor-widget elementor-widget-text-editor\" data-id=\"78dfd80\" data-element_type=\"widget\" data-e-type=\"widget\" data-widget_type=\"text-editor.default\">\n\t\t\t\t<div class=\"elementor-widget-container\">\n\t\t\t\t\t\t\t\t\t<p>In this session, the participating teams prepared the presentation for the final event together with their MediaLab tutors.<\/p>\t\t\t\t\t\t\t\t<\/div>\n\t\t\t\t<\/div>\n\t\t\t\t\t<\/div>\n\t\t<\/div>\n\t\t\t\t\t<\/div>\n\t\t<\/section>\n\t\t\t\t<section class=\"elementor-section elementor-top-section elementor-element elementor-element-4a2e2c4 elementor-section-boxed elementor-section-height-default elementor-section-height-default\" data-id=\"4a2e2c4\" data-element_type=\"section\" data-e-type=\"section\">\n\t\t\t\t\t\t<div class=\"elementor-container elementor-column-gap-default\">\n\t\t\t\t\t<div class=\"elementor-column elementor-col-33 elementor-top-column elementor-element elementor-element-1e757de\" data-id=\"1e757de\" data-element_type=\"column\" data-e-type=\"column\">\n\t\t\t<div class=\"elementor-widget-wrap elementor-element-populated\">\n\t\t\t\t\t\t<div class=\"elementor-element elementor-element-21f82a0 elementor-widget elementor-widget-image\" data-id=\"21f82a0\" data-element_type=\"widget\" data-e-type=\"widget\" data-widget_type=\"image.default\">\n\t\t\t\t<div class=\"elementor-widget-container\">\n\t\t\t\t\t\t\t\t\t\t\t\t\t\t\t<img decoding=\"async\" width=\"1024\" height=\"683\" src=\"https:\/\/fightbullying.info\/wp-content\/uploads\/2023\/10\/DSC04793-1024x683.jpg\" class=\"attachment-large size-large wp-image-1516\" alt=\"\" srcset=\"https:\/\/fightbullying.info\/wp-content\/uploads\/2023\/10\/DSC04793-1024x683.jpg 1024w, https:\/\/fightbullying.info\/wp-content\/uploads\/2023\/10\/DSC04793-300x200.jpg 300w, https:\/\/fightbullying.info\/wp-content\/uploads\/2023\/10\/DSC04793-768x512.jpg 768w, https:\/\/fightbullying.info\/wp-content\/uploads\/2023\/10\/DSC04793-18x12.jpg 18w, https:\/\/fightbullying.info\/wp-content\/uploads\/2023\/10\/DSC04793.jpg 1028w\" sizes=\"(max-width: 1024px) 100vw, 1024px\" \/>\t\t\t\t\t\t\t\t\t\t\t\t\t\t\t<\/div>\n\t\t\t\t<\/div>\n\t\t\t\t\t<\/div>\n\t\t<\/div>\n\t\t\t\t<div class=\"elementor-column elementor-col-33 elementor-top-column elementor-element elementor-element-7bda901\" data-id=\"7bda901\" data-element_type=\"column\" data-e-type=\"column\">\n\t\t\t<div class=\"elementor-widget-wrap elementor-element-populated\">\n\t\t\t\t\t\t<div class=\"elementor-element elementor-element-3618707 elementor-widget elementor-widget-image\" data-id=\"3618707\" data-element_type=\"widget\" data-e-type=\"widget\" data-widget_type=\"image.default\">\n\t\t\t\t<div class=\"elementor-widget-container\">\n\t\t\t\t\t\t\t\t\t\t\t\t\t\t\t<img decoding=\"async\" width=\"1024\" height=\"683\" src=\"https:\/\/fightbullying.info\/wp-content\/uploads\/2023\/10\/DSC04791-1024x683.jpg\" class=\"attachment-large size-large wp-image-1515\" alt=\"\" srcset=\"https:\/\/fightbullying.info\/wp-content\/uploads\/2023\/10\/DSC04791-1024x683.jpg 1024w, https:\/\/fightbullying.info\/wp-content\/uploads\/2023\/10\/DSC04791-300x200.jpg 300w, https:\/\/fightbullying.info\/wp-content\/uploads\/2023\/10\/DSC04791-768x512.jpg 768w, https:\/\/fightbullying.info\/wp-content\/uploads\/2023\/10\/DSC04791-18x12.jpg 18w, https:\/\/fightbullying.info\/wp-content\/uploads\/2023\/10\/DSC04791.jpg 1028w\" sizes=\"(max-width: 1024px) 100vw, 1024px\" \/>\t\t\t\t\t\t\t\t\t\t\t\t\t\t\t<\/div>\n\t\t\t\t<\/div>\n\t\t\t\t\t<\/div>\n\t\t<\/div>\n\t\t\t\t<div class=\"elementor-column elementor-col-33 elementor-top-column elementor-element elementor-element-9030aad\" data-id=\"9030aad\" data-element_type=\"column\" data-e-type=\"column\">\n\t\t\t<div class=\"elementor-widget-wrap elementor-element-populated\">\n\t\t\t\t\t\t<div class=\"elementor-element elementor-element-6b9d150 elementor-widget elementor-widget-image\" data-id=\"6b9d150\" data-element_type=\"widget\" data-e-type=\"widget\" data-widget_type=\"image.default\">\n\t\t\t\t<div class=\"elementor-widget-container\">\n\t\t\t\t\t\t\t\t\t\t\t\t\t\t\t<img loading=\"lazy\" decoding=\"async\" width=\"1024\" height=\"683\" src=\"https:\/\/fightbullying.info\/wp-content\/uploads\/2023\/10\/DSC04790-1024x683.jpg\" class=\"attachment-large size-large wp-image-1514\" alt=\"\" srcset=\"https:\/\/fightbullying.info\/wp-content\/uploads\/2023\/10\/DSC04790-1024x683.jpg 1024w, https:\/\/fightbullying.info\/wp-content\/uploads\/2023\/10\/DSC04790-300x200.jpg 300w, https:\/\/fightbullying.info\/wp-content\/uploads\/2023\/10\/DSC04790-768x512.jpg 768w, https:\/\/fightbullying.info\/wp-content\/uploads\/2023\/10\/DSC04790-18x12.jpg 18w, https:\/\/fightbullying.info\/wp-content\/uploads\/2023\/10\/DSC04790.jpg 1028w\" sizes=\"(max-width: 1024px) 100vw, 1024px\" \/>\t\t\t\t\t\t\t\t\t\t\t\t\t\t\t<\/div>\n\t\t\t\t<\/div>\n\t\t\t\t\t<\/div>\n\t\t<\/div>\n\t\t\t\t\t<\/div>\n\t\t<\/section>\n\t\t\t\t<section class=\"elementor-section elementor-top-section elementor-element elementor-element-9e9c8e6 elementor-section-boxed elementor-section-height-default elementor-section-height-default\" data-id=\"9e9c8e6\" data-element_type=\"section\" data-e-type=\"section\">\n\t\t\t\t\t\t<div class=\"elementor-container elementor-column-gap-default\">\n\t\t\t\t\t<div class=\"elementor-column elementor-col-33 elementor-top-column elementor-element elementor-element-476c39d\" data-id=\"476c39d\" data-element_type=\"column\" data-e-type=\"column\">\n\t\t\t<div class=\"elementor-widget-wrap elementor-element-populated\">\n\t\t\t\t\t\t<div class=\"elementor-element elementor-element-06b6d7b elementor-widget elementor-widget-image\" data-id=\"06b6d7b\" data-element_type=\"widget\" data-e-type=\"widget\" data-widget_type=\"image.default\">\n\t\t\t\t<div class=\"elementor-widget-container\">\n\t\t\t\t\t\t\t\t\t\t\t\t\t\t\t<img loading=\"lazy\" decoding=\"async\" width=\"1024\" height=\"683\" src=\"https:\/\/fightbullying.info\/wp-content\/uploads\/2023\/10\/DSC04788-1024x683.jpg\" class=\"attachment-large size-large wp-image-1513\" alt=\"\" srcset=\"https:\/\/fightbullying.info\/wp-content\/uploads\/2023\/10\/DSC04788-1024x683.jpg 1024w, https:\/\/fightbullying.info\/wp-content\/uploads\/2023\/10\/DSC04788-300x200.jpg 300w, https:\/\/fightbullying.info\/wp-content\/uploads\/2023\/10\/DSC04788-768x512.jpg 768w, https:\/\/fightbullying.info\/wp-content\/uploads\/2023\/10\/DSC04788-18x12.jpg 18w, https:\/\/fightbullying.info\/wp-content\/uploads\/2023\/10\/DSC04788.jpg 1028w\" sizes=\"(max-width: 1024px) 100vw, 1024px\" \/>\t\t\t\t\t\t\t\t\t\t\t\t\t\t\t<\/div>\n\t\t\t\t<\/div>\n\t\t\t\t\t<\/div>\n\t\t<\/div>\n\t\t\t\t<div class=\"elementor-column elementor-col-33 elementor-top-column elementor-element elementor-element-c41b2d0\" data-id=\"c41b2d0\" data-element_type=\"column\" data-e-type=\"column\">\n\t\t\t<div class=\"elementor-widget-wrap elementor-element-populated\">\n\t\t\t\t\t\t<div class=\"elementor-element elementor-element-175be5a elementor-widget elementor-widget-image\" data-id=\"175be5a\" data-element_type=\"widget\" data-e-type=\"widget\" data-widget_type=\"image.default\">\n\t\t\t\t<div class=\"elementor-widget-container\">\n\t\t\t\t\t\t\t\t\t\t\t\t\t\t\t<img loading=\"lazy\" decoding=\"async\" width=\"1024\" height=\"683\" src=\"https:\/\/fightbullying.info\/wp-content\/uploads\/2023\/10\/DSC04787-1024x683.jpg\" class=\"attachment-large size-large wp-image-1512\" alt=\"\" srcset=\"https:\/\/fightbullying.info\/wp-content\/uploads\/2023\/10\/DSC04787-1024x683.jpg 1024w, https:\/\/fightbullying.info\/wp-content\/uploads\/2023\/10\/DSC04787-300x200.jpg 300w, https:\/\/fightbullying.info\/wp-content\/uploads\/2023\/10\/DSC04787-768x512.jpg 768w, https:\/\/fightbullying.info\/wp-content\/uploads\/2023\/10\/DSC04787-18x12.jpg 18w, https:\/\/fightbullying.info\/wp-content\/uploads\/2023\/10\/DSC04787.jpg 1028w\" sizes=\"(max-width: 1024px) 100vw, 1024px\" \/>\t\t\t\t\t\t\t\t\t\t\t\t\t\t\t<\/div>\n\t\t\t\t<\/div>\n\t\t\t\t\t<\/div>\n\t\t<\/div>\n\t\t\t\t<div class=\"elementor-column elementor-col-33 elementor-top-column elementor-element elementor-element-4e48413\" data-id=\"4e48413\" data-element_type=\"column\" data-e-type=\"column\">\n\t\t\t<div class=\"elementor-widget-wrap elementor-element-populated\">\n\t\t\t\t\t\t<div class=\"elementor-element elementor-element-196a5c8 elementor-widget elementor-widget-image\" data-id=\"196a5c8\" data-element_type=\"widget\" data-e-type=\"widget\" data-widget_type=\"image.default\">\n\t\t\t\t<div class=\"elementor-widget-container\">\n\t\t\t\t\t\t\t\t\t\t\t\t\t\t\t<img loading=\"lazy\" decoding=\"async\" width=\"1024\" height=\"683\" src=\"https:\/\/fightbullying.info\/wp-content\/uploads\/2023\/10\/DSC04785-1024x683.jpg\" class=\"attachment-large size-large wp-image-1511\" alt=\"\" srcset=\"https:\/\/fightbullying.info\/wp-content\/uploads\/2023\/10\/DSC04785-1024x683.jpg 1024w, https:\/\/fightbullying.info\/wp-content\/uploads\/2023\/10\/DSC04785-300x200.jpg 300w, https:\/\/fightbullying.info\/wp-content\/uploads\/2023\/10\/DSC04785-768x512.jpg 768w, https:\/\/fightbullying.info\/wp-content\/uploads\/2023\/10\/DSC04785-18x12.jpg 18w, https:\/\/fightbullying.info\/wp-content\/uploads\/2023\/10\/DSC04785.jpg 1028w\" sizes=\"(max-width: 1024px) 100vw, 1024px\" \/>\t\t\t\t\t\t\t\t\t\t\t\t\t\t\t<\/div>\n\t\t\t\t<\/div>\n\t\t\t\t\t<\/div>\n\t\t<\/div>\n\t\t\t\t\t<\/div>\n\t\t<\/section>\n\t\t\t\t<\/div>","protected":false},"excerpt":{"rendered":"<p>Tercera sesi\u00f3n En esta sesi\u00f3n los equipos participantes han preparado la presentaci\u00f3n para el gran evento final junto a sus tutoras\/es del MediaLab<\/p>","protected":false},"author":1,"featured_media":0,"parent":0,"menu_order":0,"comment_status":"closed","ping_status":"closed","template":"","meta":{"site-sidebar-layout":"no-sidebar","site-content-layout":"","ast-site-content-layout":"full-width-container","site-content-style":"default","site-sidebar-style":"default","ast-global-header-display":"","ast-banner-title-visibility":"","ast-main-header-display":"","ast-hfb-above-header-display":"","ast-hfb-below-header-display":"","ast-hfb-mobile-header-display":"","site-post-title":"disabled","ast-breadcrumbs-content":"","ast-featured-img":"disabled","footer-sml-layout":"","ast-disable-related-posts":"","theme-transparent-header-meta":"","adv-header-id-meta":"","stick-header-meta":"","header-above-stick-meta":"","header-main-stick-meta":"","header-below-stick-meta":"","astra-migrate-meta-layouts":"default","ast-page-background-enabled":"default","ast-page-background-meta":{"desktop":{"background-color":"var(--ast-global-color-4)","background-image":"","background-repeat":"repeat","background-position":"center center","background-size":"auto","background-attachment":"scroll","background-type":"","background-media":"","overlay-type":"","overlay-color":"","overlay-opacity":"","overlay-gradient":""},"tablet":{"background-color":"","background-image":"","background-repeat":"repeat","background-position":"center center","background-size":"auto","background-attachment":"scroll","background-type":"","background-media":"","overlay-type":"","overlay-color":"","overlay-opacity":"","overlay-gradient":""},"mobile":{"background-color":"","background-image":"","background-repeat":"repeat","background-position":"center center","background-size":"auto","background-attachment":"scroll","background-type":"","background-media":"","overlay-type":"","overlay-color":"","overlay-opacity":"","overlay-gradient":""}},"ast-content-background-meta":{"desktop":{"background-color":"var(--ast-global-color-5)","background-image":"","background-repeat":"repeat","background-position":"center center","background-size":"auto","background-attachment":"scroll","background-type":"","background-media":"","overlay-type":"","overlay-color":"","overlay-opacity":"","overlay-gradient":""},"tablet":{"background-color":"var(--ast-global-color-5)","background-image":"","background-repeat":"repeat","background-position":"center center","background-size":"auto","background-attachment":"scroll","background-type":"","background-media":"","overlay-type":"","overlay-color":"","overlay-opacity":"","overlay-gradient":""},"mobile":{"background-color":"var(--ast-global-color-5)","background-image":"","background-repeat":"repeat","background-position":"center center","background-size":"auto","background-attachment":"scroll","background-type":"","background-media":"","overlay-type":"","overlay-color":"","overlay-opacity":"","overlay-gradient":""}},"footnotes":""},"class_list":["post-1506","page","type-page","status-publish","hentry"],"_links":{"self":[{"href":"https:\/\/fightbullying.info\/en\/wp-json\/wp\/v2\/pages\/1506","targetHints":{"allow":["GET"]}}],"collection":[{"href":"https:\/\/fightbullying.info\/en\/wp-json\/wp\/v2\/pages"}],"about":[{"href":"https:\/\/fightbullying.info\/en\/wp-json\/wp\/v2\/types\/page"}],"author":[{"embeddable":true,"href":"https:\/\/fightbullying.info\/en\/wp-json\/wp\/v2\/users\/1"}],"replies":[{"embeddable":true,"href":"https:\/\/fightbullying.info\/en\/wp-json\/wp\/v2\/comments?post=1506"}],"version-history":[{"count":13,"href":"https:\/\/fightbullying.info\/en\/wp-json\/wp\/v2\/pages\/1506\/revisions"}],"predecessor-version":[{"id":1879,"href":"https:\/\/fightbullying.info\/en\/wp-json\/wp\/v2\/pages\/1506\/revisions\/1879"}],"wp:attachment":[{"href":"https:\/\/fightbullying.info\/en\/wp-json\/wp\/v2\/media?parent=1506"}],"curies":[{"name":"wp","href":"https:\/\/api.w.org\/{rel}","templated":true}]}}